
{"id":2614,"date":"2025-06-30T06:36:06","date_gmt":"2025-06-30T06:36:06","guid":{"rendered":"https:\/\/www.big-pet.ch\/?page_id=2614"},"modified":"2025-12-02T07:36:19","modified_gmt":"2025-12-02T07:36:19","slug":"vacanze","status":"publish","type":"page","link":"https:\/\/www.big-pet.ch\/it\/vacanze\/","title":{"rendered":"Vacanze"},"content":{"rendered":"<div class=\"wpb-content-wrapper\"><p>[vc_row][vc_column]<div class=\"vcBlock-titel\"><h1>Vacanze aziendali e processo d\u2019ordine durante Natale e Capodanno<\/h1><\/div>[\/vc_column][\/vc_row][vc_row][vc_column][vc_column_text css=&#8221;&#8221;]<\/p>\n<p data-start=\"1488\" data-end=\"1658\"><strong data-start=\"1488\" data-end=\"1510\">Vacanze aziendali:<\/strong><br data-start=\"1510\" data-end=\"1513\" \/>La nostra azienda rimarr\u00e0 chiusa da luned\u00ec 22.12.2025 fino a domenica 04.01.2026 inclusi.<br data-start=\"1602\" data-end=\"1605\" \/>L\u2019ufficio non sar\u00e0 presidiato durante questo periodo.<\/p>\n<p data-start=\"1660\" data-end=\"1809\"><strong data-start=\"1660\" data-end=\"1714\">Ordini fino alla consegna di mercoled\u00ec 24.12.2025:<\/strong><br data-start=\"1714\" data-end=\"1717\" \/>Il processo d\u2019ordine procede normalmente fino alla consegna di mercoled\u00ec 24.12.2025 inclusa.<\/p>\n<p data-start=\"1811\" data-end=\"1895\"><strong data-start=\"1811\" data-end=\"1846\">Consegne di venerd\u00ec 26.12.2025:<\/strong><br data-start=\"1846\" data-end=\"1849\" \/>La consegna di venerd\u00ec 26.12.2025 \u00e8 annullata.<\/p>\n<p data-start=\"1897\" data-end=\"2021\"><strong data-start=\"1897\" data-end=\"1940\">Consegne del 29, 30 e 31 dicembre 2025:<\/strong><br data-start=\"1940\" data-end=\"1943\" \/>Durante le vacanze aziendali le consegne sono possibili nelle seguenti date:<\/p>\n<ul data-start=\"2022\" data-end=\"2091\">\n<li data-start=\"2022\" data-end=\"2043\">\n<p data-start=\"2024\" data-end=\"2043\">Luned\u00ec 29.12.2025<\/p>\n<\/li>\n<li data-start=\"2044\" data-end=\"2066\">\n<p data-start=\"2046\" data-end=\"2066\">Marted\u00ec 30.12.2025<\/p>\n<\/li>\n<li data-start=\"2067\" data-end=\"2091\">\n<p data-start=\"2069\" data-end=\"2091\">Mercoled\u00ec 31.12.2025<\/p>\n<\/li>\n<\/ul>\n<p data-start=\"2093\" data-end=\"2384\">Per poter pianificare queste consegne, il vostro ordine deve pervenirci <strong data-start=\"2165\" data-end=\"2222\">entro e non oltre mercoled\u00ec 17.12.2025 alle ore 14:00<\/strong>.<br data-start=\"2223\" data-end=\"2226\" \/>Gli ordini ricevuti dopo tale termine non potranno purtroppo essere considerati.<br data-start=\"2306\" data-end=\"2309\" \/>Inoltre, la data di consegna desiderata deve essere indicata correttamente.<\/p>\n<p data-start=\"2386\" data-end=\"2470\"><strong data-start=\"2386\" data-end=\"2421\">Consegna di marted\u00ec 06.01.2026:<\/strong><br data-start=\"2421\" data-end=\"2424\" \/>La consegna di marted\u00ec 06.01.2026 \u00e8 annullata.<\/p>\n<p data-start=\"2472\" data-end=\"2621\"><strong data-start=\"2472\" data-end=\"2509\">Consegne da mercoled\u00ec 07.01.2026:<\/strong><br data-start=\"2509\" data-end=\"2512\" \/>Da mercoled\u00ec 07.01.2026 si applicano nuovamente il normale processo d\u2019ordine e i consueti giorni di consegna.<\/p>\n<p>[\/vc_column_text][\/vc_column][\/vc_row]<\/p>\n<\/div>","protected":false},"excerpt":{"rendered":"<p>[vc_row][vc_column][\/vc_column][\/vc_row][vc_row][vc_column][vc_column_text css=&#8221;&#8221;] Vacanze aziendali:La nostra azienda rimarr\u00e0 chiusa da luned\u00ec 22.12.2025 fino a domenica 04.01.2026 inclusi.L\u2019ufficio non sar\u00e0 presidiato durante questo periodo. Ordini fino alla consegna di mercoled\u00ec 24.12.2025:Il processo d\u2019ordine procede normalmente fino alla consegna di mercoled\u00ec 24.12.2025 inclusa. Consegne di venerd\u00ec 26.12.2025:La consegna di venerd\u00ec 26.12.2025 \u00e8 annullata. Consegne del 29, 30 e [&hellip;]<\/p>\n","protected":false},"author":5,"featured_media":0,"parent":0,"menu_order":0,"comment_status":"closed","ping_status":"closed","template":"fullwidth.php","meta":{"footnotes":""},"class_list":["post-2614","page","type-page","status-publish","hentry"],"_links":{"self":[{"href":"https:\/\/www.big-pet.ch\/it\/wp-json\/wp\/v2\/pages\/2614","targetHints":{"allow":["GET"]}}],"collection":[{"href":"https:\/\/www.big-pet.ch\/it\/wp-json\/wp\/v2\/pages"}],"about":[{"href":"https:\/\/www.big-pet.ch\/it\/wp-json\/wp\/v2\/types\/page"}],"author":[{"embeddable":true,"href":"https:\/\/www.big-pet.ch\/it\/wp-json\/wp\/v2\/users\/5"}],"replies":[{"embeddable":true,"href":"https:\/\/www.big-pet.ch\/it\/wp-json\/wp\/v2\/comments?post=2614"}],"version-history":[{"count":3,"href":"https:\/\/www.big-pet.ch\/it\/wp-json\/wp\/v2\/pages\/2614\/revisions"}],"predecessor-version":[{"id":2648,"href":"https:\/\/www.big-pet.ch\/it\/wp-json\/wp\/v2\/pages\/2614\/revisions\/2648"}],"wp:attachment":[{"href":"https:\/\/www.big-pet.ch\/it\/wp-json\/wp\/v2\/media?parent=2614"}],"curies":[{"name":"wp","href":"https:\/\/api.w.org\/{rel}","templated":true}]}}