
{"id":2235,"date":"2025-04-08T09:07:50","date_gmt":"2025-04-08T09:07:50","guid":{"rendered":"https:\/\/www.big-pet.ch\/?page_id=2235"},"modified":"2025-04-08T09:07:50","modified_gmt":"2025-04-08T09:07:50","slug":"protezione-dei-dati","status":"publish","type":"page","link":"https:\/\/www.big-pet.ch\/it\/protezione-dei-dati\/","title":{"rendered":"Protezione dei dati"},"content":{"rendered":"<div class=\"wpb-content-wrapper\"><p>[vc_row][vc_column]<div class=\"vcBlock-titel\"><h1>Informativa sulla protezione dei dati<\/h1><\/div>[\/vc_column][\/vc_row][vc_row][vc_column][vc_column_text css=&#8221;&#8221;]<\/p>\n<div class=\"container-content text\">\n<h3 class=\"\" data-start=\"71\" data-end=\"122\"><strong data-start=\"75\" data-end=\"122\">Protezione dei dati \u2013 Informazioni generali<\/strong><\/h3>\n<p class=\"\" data-start=\"124\" data-end=\"766\">Su questo sito web potrebbe esserti richiesto di fornire informazioni personali. La risposta a tali richieste \u00e8 facoltativa. Tutti i dati personali raccolti su questo sito vengono utilizzati esclusivamente per offrirti un&#8217;assistenza personalizzata e per l&#8217;invio di informazioni sui prodotti, in conformit\u00e0 con le disposizioni svizzere sulla protezione dei dati. I tuoi dati non verranno trasmessi a terzi, salvo nei casi in cui si tratti di fornitori di servizi che agiscono per conto di Big Pet AG. Big Pet AG garantisce che i tuoi dati saranno trattati in modo confidenziale e secondo le normative vigenti in materia di protezione dei dati.<\/p>\n<h3 class=\"\" data-start=\"773\" data-end=\"789\"><strong data-start=\"777\" data-end=\"789\">Etracker<\/strong><\/h3>\n<p class=\"\" data-start=\"791\" data-end=\"1227\">Su questo sito vengono raccolti e memorizzati dati a fini di marketing e ottimizzazione tramite tecnologie di etracker GmbH. Da questi dati possono essere creati profili utente sotto pseudonimo. A tale scopo possono essere utilizzati dei cookie. I cookie sono piccoli file di testo che vengono salvati localmente nella cache del browser Internet del visitatore del sito. Essi consentono di riconoscere il browser alla visita successiva.<\/p>\n<p class=\"\" data-start=\"1229\" data-end=\"1614\">I dati raccolti con le tecnologie di etracker non verranno utilizzati per identificare personalmente i visitatori del sito senza un consenso esplicito e separato, n\u00e9 saranno combinati con dati personali relativi al titolare dello pseudonimo. \u00c8 possibile opporsi in qualsiasi momento alla raccolta e alla memorizzazione dei dati con effetto per il futuro.<br data-start=\"1583\" data-end=\"1586\" \/>Per opporsi, <a href=\"http:\/\/www.etracker.de\/privacy?et=H83WaK\">clicca qui.<\/a><\/p>\n<h3 class=\"\" data-start=\"1688\" data-end=\"1712\"><strong data-start=\"1692\" data-end=\"1712\">Google Analytics<\/strong><\/h3>\n<p class=\"\" data-start=\"1714\" data-end=\"2121\">Ce site utilise Google Analytics, un service d\u2019analyse web fourni par Google Inc. (\u00ab Google \u00bb). Google Analytics utilise des \u00ab cookies \u00bb, fichiers texte enregistr\u00e9s sur votre ordinateur, permettant d\u2019analyser votre utilisation du site. Les informations g\u00e9n\u00e9r\u00e9es par le cookie concernant votre utilisation de ce site web sont g\u00e9n\u00e9ralement transf\u00e9r\u00e9es \u00e0 un serveur de Google aux \u00c9tats-Unis et y sont stock\u00e9es. En cas d\u2019activation de l\u2019anonymisation IP sur ce site, votre adresse IP sera toutefois raccourcie par Google au sein des \u00c9tats membres de l\u2019Union europ\u00e9enne ou dans d\u2019autres \u00c9tats parties \u00e0 l\u2019accord sur l\u2019Espace \u00e9conomique europ\u00e9en. Ce n\u2019est que dans des cas exceptionnels que l\u2019adresse IP compl\u00e8te sera transmise \u00e0 un serveur de Google aux \u00c9tats-Unis et y sera raccourcie. Au nom de l\u2019exploitant de ce site web, Google utilisera ces informations pour \u00e9valuer votre utilisation du site, compiler des rapports sur les activit\u00e9s du site et fournir d&#8217;autres services li\u00e9s \u00e0 l\u2019utilisation du site web et d\u2019Internet \u00e0 l\u2019exploitant du site. L\u2019adresse IP transmise par votre navigateur dans le cadre de Google Analytics ne sera pas associ\u00e9e \u00e0 d&#8217;autres donn\u00e9es de Google. Vous pouvez emp\u00eacher l\u2019enregistrement des cookies en configurant votre logiciel de navigation en cons\u00e9quence ; toutefois, nous attirons votre attention sur le fait que, dans ce cas, il se peut que vous ne puissiez pas utiliser toutes les fonctionnalit\u00e9s de ce site. Vous pouvez \u00e9galement emp\u00eacher la collecte par Google des donn\u00e9es g\u00e9n\u00e9r\u00e9es par le cookie et relatives \u00e0 votre utilisation du site (y compris votre adresse IP), ainsi que le traitement de ces donn\u00e9es par Google, en t\u00e9l\u00e9chargeant et en installant le module compl\u00e9mentaire de navigateur disponible via le lien suivant: <a class=\"cursor-pointer\" target=\"_new\" rel=\"noopener\" data-start=\"3474\" data-end=\"3568\">http:\/\/tools.google.com\/dlpage\/gaoptout?hl=fr<br \/>\n<\/a>Pour plus d\u2019informations, veuillez consulter: tools.google.com\/dlpage\/gaoptout ou <a class=\"cursor-pointer\" target=\"_new\" rel=\"noopener\" data-start=\"3702\" data-end=\"3826\">http:\/\/www.google.com\/intl\/fr\/analytics\/privacyoverview.html <\/a>(informations g\u00e9n\u00e9rales sur Google Analytics et la protection des donn\u00e9es). Veuillez noter que ce site web a \u00e9t\u00e9 compl\u00e9t\u00e9 par le code \u201egat._anonymizeIp();\u201c afin de garantir une collecte anonymis\u00e9e des adresses IP (ce qu\u2019on appelle IP-Masking).<\/p>\n<\/div>\n<p>[\/vc_column_text][\/vc_column][\/vc_row][vc_row][vc_column][\/vc_column][\/vc_row]<\/p>\n<\/div>","protected":false},"excerpt":{"rendered":"<p>[vc_row][vc_column][\/vc_column][\/vc_row][vc_row][vc_column][vc_column_text css=&#8221;&#8221;] Protezione dei dati \u2013 Informazioni generali Su questo sito web potrebbe esserti richiesto di fornire informazioni personali. La risposta a tali richieste \u00e8 facoltativa. Tutti i dati personali raccolti su questo sito vengono utilizzati esclusivamente per offrirti un&#8217;assistenza personalizzata e per l&#8217;invio di informazioni sui prodotti, in conformit\u00e0 con le disposizioni svizzere sulla [&hellip;]<\/p>\n","protected":false},"author":5,"featured_media":0,"parent":0,"menu_order":0,"comment_status":"closed","ping_status":"closed","template":"fullwidth.php","meta":{"footnotes":""},"class_list":["post-2235","page","type-page","status-publish","hentry"],"_links":{"self":[{"href":"https:\/\/www.big-pet.ch\/it\/wp-json\/wp\/v2\/pages\/2235","targetHints":{"allow":["GET"]}}],"collection":[{"href":"https:\/\/www.big-pet.ch\/it\/wp-json\/wp\/v2\/pages"}],"about":[{"href":"https:\/\/www.big-pet.ch\/it\/wp-json\/wp\/v2\/types\/page"}],"author":[{"embeddable":true,"href":"https:\/\/www.big-pet.ch\/it\/wp-json\/wp\/v2\/users\/5"}],"replies":[{"embeddable":true,"href":"https:\/\/www.big-pet.ch\/it\/wp-json\/wp\/v2\/comments?post=2235"}],"version-history":[{"count":2,"href":"https:\/\/www.big-pet.ch\/it\/wp-json\/wp\/v2\/pages\/2235\/revisions"}],"predecessor-version":[{"id":2238,"href":"https:\/\/www.big-pet.ch\/it\/wp-json\/wp\/v2\/pages\/2235\/revisions\/2238"}],"wp:attachment":[{"href":"https:\/\/www.big-pet.ch\/it\/wp-json\/wp\/v2\/media?parent=2235"}],"curies":[{"name":"wp","href":"https:\/\/api.w.org\/{rel}","templated":true}]}}