
{"id":2168,"date":"2025-03-27T11:44:37","date_gmt":"2025-03-27T11:44:37","guid":{"rendered":"https:\/\/www.big-pet.ch\/?page_id=2168"},"modified":"2025-03-27T11:44:37","modified_gmt":"2025-03-27T11:44:37","slug":"note-legali","status":"publish","type":"page","link":"https:\/\/www.big-pet.ch\/it\/note-legali\/","title":{"rendered":"Note legali"},"content":{"rendered":"<div class=\"wpb-content-wrapper\"><p>[vc_row][vc_column]<div class=\"vcBlock-titel\"><h1>Note legali<\/h1><\/div>[\/vc_column][\/vc_row][vc_row][vc_column][vc_column_text]<\/p>\n<p><strong>Verantwortlich f\u00fcr die Website<\/strong><br \/>\nBig Pet AG<br \/>\n<span class=\"LrzXr\">W\u00fcnnewilstrasse 5<br \/>\n<\/span><span class=\"LrzXr\">3185 Schmitten<\/span><\/p>\n<p><strong>Werbeagentur<\/strong><br \/>\nLeuzinger + Partner<br \/>\n<a href=\"https:\/\/www.leuzingerpartner.ch\" target=\"_blank\" rel=\"noopener\">Werbeagentur<\/a> f\u00fcr Webdesign und Print<br \/>\nViktoriastrasse 84<br \/>\n3013 Bern<br \/>\n<a class=\"_ps2id\" href=\"https:\/\/www.leuzingerpartner.ch\" target=\"_blank\" rel=\"noopener\" data-ps2id-offset=\"\">www.leuzingerpartner.ch<\/a><\/p>\n<p><strong>Programmierung CMS<br \/>\n<\/strong><span class=\"LrzXr\">Creative Agent<br \/>\nSp\u00e4rsstrasse 2<br \/>\n<\/span><span class=\"LrzXr\">2562 Port<br \/>\n<\/span><a class=\"_ps2id\" href=\"https:\/\/www.creativeagent.ch\" target=\"_blank\" rel=\"noopener\" data-ps2id-offset=\"\">www.creativeagent.ch<\/a><\/p>\n<div class=\"TbwUpd NJjxre\"><cite class=\"iUh30 tjvcx\" role=\"text\">\u00a0<\/cite><\/div>\n<div><\/div>\n<div><\/div>\n<div><\/div>\n<div><\/div>\n<div><\/div>\n<div><\/div>\n<div><\/div>\n<div class=\"B6fmyf\">\n<div class=\"TbwUpd\"><\/div>\n<div class=\"eFM0qc\"><\/div>\n<\/div>\n<div class=\"container-fluid textimage\">\n<div class=\"container-wrapper\">\n<div id=\"35241ba0-b37a-4411-8296-13f4a3bf7272\" class=\"container\">\n<div class=\"container-title\"><\/div>\n<\/div>\n<\/div>\n<\/div>\n<p>[\/vc_column_text][\/vc_column][\/vc_row][vc_row][vc_column]<div class=\"vcBlock-titel\"><h1>Dichiarazione di non responsabilit\u00e0<\/h1><\/div>[\/vc_column][\/vc_row][vc_row][vc_column][vc_column_text css=&#8221;&#8221;]<strong>Diritti d\u2019autore<br \/>\n<\/strong>Tutti i diritti riservati. Il testo, le immagini, le grafiche, i suoni, le animazioni, i video, etc. nonch\u00e9 il loro allestimento sono protetti dal diritto d\u2019autore e da altre leggi di tutela. Il contenuto di questo sito web non pu\u00f2 essere copiato, distribuito, modificato o reso accessibile a terzi per scopi commerciali. Questo sito web contiene immagini esterne che sottostanno al diritto d\u2019autore di terzi. \u00a9 Big Pet SA, Schmitten, Svizzera<\/p>\n<p><strong>Marchi<br \/>\n<\/strong>Se non diversamente indicato, tutti i marchi presenti su questo sito web sono tutelati dal diritto dei marchi. Questo sito web \u00e8 stato realizzato con la massima attenzione possibile. Ciononostante Big Pet SA non pu\u00f2 garantire la correttezza e l\u2019accuratezza delle informazioni in esso contenute. Big Pet SA esclude ogni responsabilit\u00e0 per danni che potrebbero derivare in maniera diretta o indiretta dall\u2019utilizzo di questo sito web. Qualora questo sito web rimandi ad altre pagine internet gestite da terzi, Big Pet SA non si assume alcuna responsabilit\u00e0 per il contenuto di tali pagine.<\/p>\n<p><strong>Diritti di utilizzazione<br \/>\n<\/strong>Big Pet SA intende rivolgersi a voi attraverso un sito web moderno e informativo. La propriet\u00e0 intellettuale in esso contenuta, come marchi e diritti d\u2019autore, \u00e8 protetta. Attraverso questo sito web non viene concessa alcuna licenza per l\u2019utilizzo della propriet\u00e0 intellettuale di Big Pet SA n\u00e9 di quella di terzi.<\/p>\n<p>[\/vc_column_text][\/vc_column][\/vc_row][vc_row][vc_column][\/vc_column][\/vc_row]<\/p>\n<\/div>","protected":false},"excerpt":{"rendered":"<p>[vc_row][vc_column][\/vc_column][\/vc_row][vc_row][vc_column][vc_column_text] Verantwortlich f\u00fcr die Website Big Pet AG W\u00fcnnewilstrasse 5 3185 Schmitten Werbeagentur Leuzinger + Partner Werbeagentur f\u00fcr Webdesign und Print Viktoriastrasse 84 3013 Bern www.leuzingerpartner.ch Programmierung CMS Creative Agent Sp\u00e4rsstrasse 2 2562 Port www.creativeagent.ch \u00a0 [\/vc_column_text][\/vc_column][\/vc_row][vc_row][vc_column][\/vc_column][\/vc_row][vc_row][vc_column][vc_column_text css=&#8221;&#8221;]Diritti d\u2019autore Tutti i diritti riservati. Il testo, le immagini, le grafiche, i suoni, le animazioni, i video, [&hellip;]<\/p>\n","protected":false},"author":5,"featured_media":0,"parent":0,"menu_order":0,"comment_status":"closed","ping_status":"closed","template":"fullwidth.php","meta":{"footnotes":""},"class_list":["post-2168","page","type-page","status-publish","hentry"],"_links":{"self":[{"href":"https:\/\/www.big-pet.ch\/it\/wp-json\/wp\/v2\/pages\/2168","targetHints":{"allow":["GET"]}}],"collection":[{"href":"https:\/\/www.big-pet.ch\/it\/wp-json\/wp\/v2\/pages"}],"about":[{"href":"https:\/\/www.big-pet.ch\/it\/wp-json\/wp\/v2\/types\/page"}],"author":[{"embeddable":true,"href":"https:\/\/www.big-pet.ch\/it\/wp-json\/wp\/v2\/users\/5"}],"replies":[{"embeddable":true,"href":"https:\/\/www.big-pet.ch\/it\/wp-json\/wp\/v2\/comments?post=2168"}],"version-history":[{"count":1,"href":"https:\/\/www.big-pet.ch\/it\/wp-json\/wp\/v2\/pages\/2168\/revisions"}],"predecessor-version":[{"id":2169,"href":"https:\/\/www.big-pet.ch\/it\/wp-json\/wp\/v2\/pages\/2168\/revisions\/2169"}],"wp:attachment":[{"href":"https:\/\/www.big-pet.ch\/it\/wp-json\/wp\/v2\/media?parent=2168"}],"curies":[{"name":"wp","href":"https:\/\/api.w.org\/{rel}","templated":true}]}}