
{"id":2671,"date":"2025-04-04T05:41:25","date_gmt":"2025-04-04T05:41:25","guid":{"rendered":"https:\/\/www.big-pet.ch\/ostern\/"},"modified":"2026-03-19T10:00:09","modified_gmt":"2026-03-19T10:00:09","slug":"ostern","status":"publish","type":"page","link":"https:\/\/www.big-pet.ch\/fr\/ostern\/","title":{"rendered":"Paques"},"content":{"rendered":"<div class=\"wpb-content-wrapper\"><p>[vc_row][vc_column]<div class=\"vcBlock-titel\"><h1>Livraisons pendant P\u00e2ques<\/h1><\/div>[\/vc_column][\/vc_row][vc_row][vc_column][vc_column_text css=\u00a0\u00bb\u00a0\u00bb]<\/p>\n<p data-start=\"95\" data-end=\"126\">Ch\u00e8res clientes, chers clients,<\/p>\n<p data-start=\"128\" data-end=\"392\">Le printemps est arriv\u00e9 et le week-end de P\u00e2ques approche \ud83c\udf37\ud83d\udc30<br data-start=\"190\" data-end=\"193\" \/>Nous souhaitons profiter de cette occasion non seulement pour vous souhaiter de joyeuses f\u00eates de P\u00e2ques, mais aussi pour vous informer \u00e0 l\u2019avance de nos horaires de commande et de livraison adapt\u00e9s.<\/p>\n<p data-start=\"394\" data-end=\"510\">Afin que vos commandes vous parviennent \u00e0 temps, nous vous prions de bien vouloir tenir compte des dates suivantes :<\/p>\n<p data-start=\"512\" data-end=\"554\"><strong>Mardi 31.03<\/strong> \u2013 Livraison comme d\u2019habitude<\/p>\n<p data-start=\"556\" data-end=\"601\"><strong>Mercredi 01.04<\/strong> \u2013 Livraison comme d\u2019habitude<\/p>\n<p data-start=\"603\" data-end=\"695\"><strong>Jeudi 02.04<\/strong> \u2013 Livraison suppl\u00e9mentaire<br data-start=\"641\" data-end=\"644\" \/>\u2192 Dernier d\u00e9lai de commande : <strong>mardi 31.03 \u00e0 18h00<\/strong><\/p>\n<p data-start=\"697\" data-end=\"732\"><strong>Vendredi 03.04<\/strong> \u2013 Pas de livraison<\/p>\n<p data-start=\"734\" data-end=\"766\"><strong>Mardi 07.04<\/strong> \u2013 Pas de livraison<\/p>\n<p data-start=\"768\" data-end=\"857\"><strong>Mercredi 08.04<\/strong> \u2013 Livraison possible<br data-start=\"803\" data-end=\"806\" \/>\u2192 Dernier d\u00e9lai de commande :<strong> jeudi 02.04 \u00e0 12h00<\/strong><\/p>\n<p data-start=\"859\" data-end=\"904\"><strong>Vendredi 10.04<\/strong> \u2013 Livraison comme d\u2019habitude<\/p>\n<p data-start=\"906\" data-end=\"1193\"><em>Nous vous remercions de bien vouloir tenir compte de ces horaires dans votre planification. Vous contribuez ainsi au bon d\u00e9roulement des op\u00e9rations pendant les jours f\u00e9ri\u00e9s.<\/em><br data-start=\"1079\" data-end=\"1082\" \/><em>En cas de commande tardive, celle-ci sera automatiquement report\u00e9e \u00e0 la prochaine date de livraison disponible.<\/em><\/p>\n<p data-start=\"1195\" data-end=\"1382\">Nous vous remercions chaleureusement pour votre confiance et vous souhaitons, \u00e0 vous et \u00e0 votre \u00e9quipe, de joyeuses f\u00eates de P\u00e2ques ainsi que de belles journ\u00e9es printani\u00e8res ensoleill\u00e9es.<\/p>\n<p>[\/vc_column_text][\/vc_column][\/vc_row]<\/p>\n<\/div>","protected":false},"excerpt":{"rendered":"<p>[vc_row][vc_column][\/vc_column][\/vc_row][vc_row][vc_column][vc_column_text css=\u00a0\u00bb\u00a0\u00bb] Ch\u00e8res clientes, chers clients, Le printemps est arriv\u00e9 et le week-end de P\u00e2ques approche \ud83c\udf37\ud83d\udc30Nous souhaitons profiter de cette occasion non seulement pour vous souhaiter de joyeuses f\u00eates de P\u00e2ques, mais aussi pour vous informer \u00e0 l\u2019avance de nos horaires de commande et de livraison adapt\u00e9s. Afin que vos commandes vous parviennent \u00e0 [&hellip;]<\/p>\n","protected":false},"author":5,"featured_media":0,"parent":0,"menu_order":0,"comment_status":"closed","ping_status":"closed","template":"fullwidth.php","meta":{"footnotes":""},"class_list":["post-2671","page","type-page","status-publish","hentry"],"_links":{"self":[{"href":"https:\/\/www.big-pet.ch\/fr\/wp-json\/wp\/v2\/pages\/2671","targetHints":{"allow":["GET"]}}],"collection":[{"href":"https:\/\/www.big-pet.ch\/fr\/wp-json\/wp\/v2\/pages"}],"about":[{"href":"https:\/\/www.big-pet.ch\/fr\/wp-json\/wp\/v2\/types\/page"}],"author":[{"embeddable":true,"href":"https:\/\/www.big-pet.ch\/fr\/wp-json\/wp\/v2\/users\/5"}],"replies":[{"embeddable":true,"href":"https:\/\/www.big-pet.ch\/fr\/wp-json\/wp\/v2\/comments?post=2671"}],"version-history":[{"count":3,"href":"https:\/\/www.big-pet.ch\/fr\/wp-json\/wp\/v2\/pages\/2671\/revisions"}],"predecessor-version":[{"id":2675,"href":"https:\/\/www.big-pet.ch\/fr\/wp-json\/wp\/v2\/pages\/2671\/revisions\/2675"}],"wp:attachment":[{"href":"https:\/\/www.big-pet.ch\/fr\/wp-json\/wp\/v2\/media?parent=2671"}],"curies":[{"name":"wp","href":"https:\/\/api.w.org\/{rel}","templated":true}]}}