
{"id":2612,"date":"2025-06-30T06:35:30","date_gmt":"2025-06-30T06:35:30","guid":{"rendered":"https:\/\/www.big-pet.ch\/?page_id=2612"},"modified":"2025-12-02T07:47:58","modified_gmt":"2025-12-02T07:47:58","slug":"vacances","status":"publish","type":"page","link":"https:\/\/www.big-pet.ch\/fr\/vacances\/","title":{"rendered":"Vacances"},"content":{"rendered":"<div class=\"wpb-content-wrapper\"><p>[vc_row][vc_column]<div class=\"vcBlock-titel\"><h1>Vacances d\u2019entreprise et processus de commande pendant No\u00ebl et Nouvel An<\/h1><\/div>[\/vc_column][\/vc_row][vc_row][vc_column][vc_column_text css=\u00a0\u00bb\u00a0\u00bb]<\/p>\n<p data-start=\"187\" data-end=\"355\"><strong data-start=\"187\" data-end=\"214\">Vacances d\u2019entreprise :<\/strong><br data-start=\"214\" data-end=\"217\" \/>Notre \u00e9tablissement restera ferm\u00e9 du lundi 22.12.2025 au dimanche 04.01.2026 inclus.<br data-start=\"301\" data-end=\"304\" \/>Le bureau ne sera pas occup\u00e9 pendant cette p\u00e9riode.<\/p>\n<p data-start=\"357\" data-end=\"524\"><strong data-start=\"357\" data-end=\"416\">Commandes jusqu\u2019\u00e0 la livraison du mercredi 24.12.2025 :<\/strong><br data-start=\"416\" data-end=\"419\" \/>Le processus de commande fonctionne normalement jusqu\u2019\u00e0 et y compris la livraison du mercredi 24.12.2025.<\/p>\n<p data-start=\"526\" data-end=\"616\"><strong data-start=\"526\" data-end=\"565\">Livraisons du vendredi 26.12.2025 :<\/strong><br data-start=\"565\" data-end=\"568\" \/>La livraison du vendredi 26.12.2025 est annul\u00e9e.<\/p>\n<p data-start=\"618\" data-end=\"756\"><strong data-start=\"618\" data-end=\"665\">Livraisons des 29, 30 et 31 d\u00e9cembre 2025 :<\/strong><br data-start=\"665\" data-end=\"668\" \/>Pendant les vacances d\u2019entreprise, des livraisons sont possibles aux dates suivantes :<\/p>\n<ul data-start=\"757\" data-end=\"822\">\n<li data-start=\"757\" data-end=\"777\">\n<p data-start=\"759\" data-end=\"777\">Lundi 29.12.2025<\/p>\n<\/li>\n<li data-start=\"778\" data-end=\"798\">\n<p data-start=\"780\" data-end=\"798\">Mardi 30.12.2025<\/p>\n<\/li>\n<li data-start=\"799\" data-end=\"822\">\n<p data-start=\"801\" data-end=\"822\">Mercredi 31.12.2025<\/p>\n<\/li>\n<\/ul>\n<p data-start=\"824\" data-end=\"1125\">Afin que nous puissions planifier ces livraisons, votre commande doit nous parvenir <strong data-start=\"908\" data-end=\"955\">au plus tard le mercredi 17.12.2025 \u00e0 14h00<\/strong>.<br data-start=\"956\" data-end=\"959\" \/>Les commandes re\u00e7ues apr\u00e8s ce d\u00e9lai ne pourront malheureusement plus \u00eatre prises en compte.<br data-start=\"1050\" data-end=\"1053\" \/>De plus, la date de livraison souhait\u00e9e doit \u00eatre indiqu\u00e9e correctement.<\/p>\n<p data-start=\"1127\" data-end=\"1210\"><strong data-start=\"1127\" data-end=\"1162\">Livraison du mardi 06.01.2026 :<\/strong><br data-start=\"1162\" data-end=\"1165\" \/>La livraison du mardi 06.01.2026 est annul\u00e9e.<\/p>\n<p data-start=\"1212\" data-end=\"1387\"><strong data-start=\"1212\" data-end=\"1260\">Livraisons \u00e0 partir du mercredi 07.01.2026 :<\/strong><br data-start=\"1260\" data-end=\"1263\" \/>\u00c0 partir du mercredi 07.01.2026, le processus de commande habituel et les jours de livraison normaux s\u2019appliquent \u00e0 nouveau.<\/p>\n<p>[\/vc_column_text][\/vc_column][\/vc_row]<\/p>\n<\/div>","protected":false},"excerpt":{"rendered":"<p>[vc_row][vc_column][\/vc_column][\/vc_row][vc_row][vc_column][vc_column_text css=\u00a0\u00bb\u00a0\u00bb] Vacances d\u2019entreprise :Notre \u00e9tablissement restera ferm\u00e9 du lundi 22.12.2025 au dimanche 04.01.2026 inclus.Le bureau ne sera pas occup\u00e9 pendant cette p\u00e9riode. Commandes jusqu\u2019\u00e0 la livraison du mercredi 24.12.2025 :Le processus de commande fonctionne normalement jusqu\u2019\u00e0 et y compris la livraison du mercredi 24.12.2025. Livraisons du vendredi 26.12.2025 :La livraison du vendredi 26.12.2025 est [&hellip;]<\/p>\n","protected":false},"author":5,"featured_media":0,"parent":0,"menu_order":0,"comment_status":"closed","ping_status":"closed","template":"fullwidth.php","meta":{"footnotes":""},"class_list":["post-2612","page","type-page","status-publish","hentry"],"_links":{"self":[{"href":"https:\/\/www.big-pet.ch\/fr\/wp-json\/wp\/v2\/pages\/2612","targetHints":{"allow":["GET"]}}],"collection":[{"href":"https:\/\/www.big-pet.ch\/fr\/wp-json\/wp\/v2\/pages"}],"about":[{"href":"https:\/\/www.big-pet.ch\/fr\/wp-json\/wp\/v2\/types\/page"}],"author":[{"embeddable":true,"href":"https:\/\/www.big-pet.ch\/fr\/wp-json\/wp\/v2\/users\/5"}],"replies":[{"embeddable":true,"href":"https:\/\/www.big-pet.ch\/fr\/wp-json\/wp\/v2\/comments?post=2612"}],"version-history":[{"count":3,"href":"https:\/\/www.big-pet.ch\/fr\/wp-json\/wp\/v2\/pages\/2612\/revisions"}],"predecessor-version":[{"id":2647,"href":"https:\/\/www.big-pet.ch\/fr\/wp-json\/wp\/v2\/pages\/2612\/revisions\/2647"}],"wp:attachment":[{"href":"https:\/\/www.big-pet.ch\/fr\/wp-json\/wp\/v2\/media?parent=2612"}],"curies":[{"name":"wp","href":"https:\/\/api.w.org\/{rel}","templated":true}]}}