
{"id":2182,"date":"2025-03-27T13:00:19","date_gmt":"2025-03-27T13:00:19","guid":{"rendered":"https:\/\/www.big-pet.ch\/?page_id=2182"},"modified":"2025-05-08T12:55:23","modified_gmt":"2025-05-08T12:55:23","slug":"lentreprise","status":"publish","type":"page","link":"https:\/\/www.big-pet.ch\/fr\/lentreprise\/","title":{"rendered":"L\u2019entreprise"},"content":{"rendered":"<div class=\"wpb-content-wrapper\"><p>[vc_row][vc_column]<div class=\"vcBlock-titel\"><h1>Le sp\u00e9cialiste suisse du BARF<\/h1><\/div><div class=\"vcBlock-lead\">En tant qu\u2019entreprise familiale suisse, nous nous concentrons depuis plus de 30\u00a0ans exclusivement sur la production de nourriture BARF pure et de qualit\u00e9 pour animaux de compagnie.<\/div>[\/vc_column][\/vc_row][vc_row][vc_column][vc_column_text css=\u00a0\u00bb\u00a0\u00bb]<\/p>\n<ol>\n<li>Plus de 30\u00a0ans d\u2019exp\u00e9rience<\/li>\n<li>L\u2019un des plus grands producteurs de BARF<\/li>\n<li>D\u00e9veloppement de produits en collaboration avec des experts<\/li>\n<li>Plus de 100\u00a0produits<\/li>\n<li>Disponible dans plus de 100\u00a0points de vente r\u00e9partis sur tout le territoire de la Suisse<\/li>\n<\/ol>\n<p>[\/vc_column_text][\/vc_column][\/vc_row][vc_row][vc_column width=\u00a0\u00bb1\/2&Prime;]<div class=\"vc-block-img-classic\"><img decoding=\"async\" src=\"https:\/\/www.big-pet.ch\/wp-content\/uploads\/2022\/01\/inside_brueder_an_maschine.jpg\" srcset=\"https:\/\/www.big-pet.ch\/wp-content\/uploads\/2022\/01\/inside_brueder_an_maschine-239x300.jpg 239w, https:\/\/www.big-pet.ch\/wp-content\/uploads\/2022\/01\/inside_brueder_an_maschine.jpg 700w\"\/><div class=\"bgImgLegend\">Nos sp\u00e9cialistes garantissent le haut niveau de qualit\u00e9 de nos produits et se tiennent \u00e9galement volontiers \u00e0 votre disposition pour vous donner des conseils personnels.<\/div><\/div>[\/vc_column][vc_column width=\u00a0\u00bb1\/2&Prime;]<div class=\"vc-block-img-classic\"><img decoding=\"async\" src=\"https:\/\/www.big-pet.ch\/wp-content\/uploads\/2022\/01\/inside_maschine.jpg\" srcset=\"https:\/\/www.big-pet.ch\/wp-content\/uploads\/2022\/01\/inside_maschine-300x300.jpg 300w, https:\/\/www.big-pet.ch\/wp-content\/uploads\/2022\/01\/inside_maschine-150x150.jpg 150w, https:\/\/www.big-pet.ch\/wp-content\/uploads\/2022\/01\/inside_maschine.jpg 700w\"\/><div class=\"bgImgLegend\">Parc de machines moderne pour des produits haut de gamme.<\/div><\/div>[\/vc_column][\/vc_row][vc_row][vc_column][vc_column_text css=\u00a0\u00bb\u00a0\u00bb]<strong>Savoir-faire bas\u00e9 sur l\u2019exp\u00e9rience<\/strong><\/p>\n<p>Tout a commenc\u00e9 en 1989 dans une petite boucherie, lorsque les fondateurs de l\u2019entreprise, Alois &amp; Rosmarie Gauch, ont fabriqu\u00e9 le premier paquet de viande fra\u00eeche pour animaux de compagnie. Aujourd\u2019hui, l\u2019entreprise familiale est l\u2019un des plus grands producteurs de BARF de Suisse. L\u2019entreprise produit \u00e0 Schmitten, gr\u00e2ce \u00e0 un parc de machines moderne et \u00e0 un travail manuel minutieux, plus de 100\u00a0produits BARF qu\u2019elle livre \u00e0 plus de 100\u00a0magasins sp\u00e9cialis\u00e9s r\u00e9partis sur tout le territoire de la Suisse. Nos produits sont d\u00e9velopp\u00e9s en collaboration avec des experts, sp\u00e9cifiquement pour l\u2019alimentation \u00e0 base de viande fra\u00eeche. Au cours des ans, nous avons accumul\u00e9 un savoir-faire extr\u00eamement pointu. Nos sp\u00e9cialistes du BARF se feront aussi un plaisir de vous conseiller personnellement en cas de questions et de probl\u00e8mes.[\/vc_column_text][\/vc_column][\/vc_row][vc_row][vc_column][vc_separator][\/vc_column][\/vc_row][vc_row][vc_column]<div class=\"vcBlock-titel\"><h1>Une \u00e9quipe comp\u00e9tente<\/h1><\/div><div class=\"vcBlock-lead\">Plus de 20\u00a0collaborateurs comp\u00e9tents s\u2019engagent chaque jour pour garantir le niveau exceptionnel de qualit\u00e9 de nos produits. Des professionnels av\u00e9r\u00e9s et exp\u00e9riment\u00e9s dirigent l\u2019entreprise et se tiennent volontiers \u00e0 votre disposition pour vous donner de plus amples renseignements.<\/div>[\/vc_column][\/vc_row][vc_row][vc_column][vc_column_text css=\u00a0\u00bb\u00a0\u00bb]<\/p>\n<ol>\n<li>Conseils personnalis\u00e9s et comp\u00e9tents prodigu\u00e9s par les propri\u00e9taires<\/li>\n<li>Un service et des prestations de qualit\u00e9<\/li>\n<li>Livraison dans toute la Suisse<\/li>\n<li>Produits disponibles dans plus de 100\u00a0magasins sp\u00e9cialis\u00e9s<\/li>\n<\/ol>\n<p>[\/vc_column_text][\/vc_column][\/vc_row][vc_row][vc_column width=\u00a0\u00bb1\/2&Prime;]<div class=\"vc-block-img-classic\"><img decoding=\"async\" src=\"https:\/\/www.big-pet.ch\/wp-content\/uploads\/2022\/01\/inside_brueder.jpg\" srcset=\"https:\/\/www.big-pet.ch\/wp-content\/uploads\/2022\/01\/inside_brueder-300x300.jpg 300w, https:\/\/www.big-pet.ch\/wp-content\/uploads\/2022\/01\/inside_brueder-150x150.jpg 150w, https:\/\/www.big-pet.ch\/wp-content\/uploads\/2022\/01\/inside_brueder.jpg 700w\"\/><div class=\"bgImgLegend\">Nos sp\u00e9cialistes Michel Gauch (propri\u00e9taire, \u00e0 droite) et Dominique Gauch (adjoint, \u00e0 gauche) se tiennent volontiers \u00e0 votre disposition pour r\u00e9pondre \u00e0 vos questions.<\/div><\/div><div class=\"vc-block-img-classic\"><img decoding=\"async\" src=\"https:\/\/www.big-pet.ch\/wp-content\/uploads\/2022\/01\/inside_mann_bart.jpg\" srcset=\"https:\/\/www.big-pet.ch\/wp-content\/uploads\/2022\/01\/inside_mann_bart-300x300.jpg 300w, https:\/\/www.big-pet.ch\/wp-content\/uploads\/2022\/01\/inside_mann_bart-150x150.jpg 150w, https:\/\/www.big-pet.ch\/wp-content\/uploads\/2022\/01\/inside_mann_bart.jpg 700w\"\/><div class=\"bgImgLegend\">Notre responsable de production, Matthias Lehmann, s\u2019occupe personnellement de vos pr\u00e9occupations.<\/div><\/div>[\/vc_column][vc_column width=\u00a0\u00bb1\/2&Prime;]<div class=\"vc-block-img-classic\"><img decoding=\"async\" src=\"https:\/\/www.big-pet.ch\/wp-content\/uploads\/2024\/04\/3987020-683x1024.jpg\" srcset=\"https:\/\/www.big-pet.ch\/wp-content\/uploads\/2024\/04\/3987020-200x300.jpg 200w, https:\/\/www.big-pet.ch\/wp-content\/uploads\/2024\/04\/3987020-683x1024.jpg 683w, https:\/\/www.big-pet.ch\/wp-content\/uploads\/2024\/04\/3987020-768x1151.jpg 768w, https:\/\/www.big-pet.ch\/wp-content\/uploads\/2024\/04\/3987020-1025x1536.jpg 1025w, https:\/\/www.big-pet.ch\/wp-content\/uploads\/2024\/04\/3987020.jpg 1268w\"\/><div class=\"bgImgLegend\">Souhaitez-vous nous poser des questions? N\u2019h\u00e9sitez pas \u00e0 nous contacter. Nous traiterons votre demande dans les plus brefs d\u00e9lais.<\/div><\/div>[\/vc_column][\/vc_row][vc_row full_width=\u00a0\u00bbstretch_row_content\u00a0\u00bb][vc_column]<div class=\"vc-block-breaker\"><div data-responsive-background-image><img decoding=\"async\" src=\"https:\/\/www.big-pet.ch\/wp-content\/uploads\/2022\/02\/call_to_action_2300_2-2.jpg\"\n                         ><\/div><div class=\"divTitelHolder\"><div class=\"divTitel\">Souhaitez-vous nous poser des questions?<\/div><div class=\"divCtoa\"><a class=\"aIconMail\" href=\"&#x6d;&#x61;&#105;&#108;t&#x6f;&#x3a;&#x69;&#110;&#102;o&#x40;&#x62;&#x69;&#103;&#45;p&#x65;&#x74;&#x2e;&#99;&#104;\">&#105;&#110;&#x66;&#x6f;&#64;&#98;&#x69;&#x67;&#45;&#112;&#x65;&#x74;&#46;&#99;&#x68;<\/><br\/><a class=\"aIconPhone\" href=\"tel:0041 26 496 11 82\">026 496 11 82<\/a><\/div><\/div><\/div>[\/vc_column][\/vc_row]<\/p>\n<\/div>","protected":false},"excerpt":{"rendered":"<p>[vc_row][vc_column][\/vc_column][\/vc_row][vc_row][vc_column][vc_column_text css=\u00a0\u00bb\u00a0\u00bb] Plus de 30\u00a0ans d\u2019exp\u00e9rience L\u2019un des plus grands producteurs de BARF D\u00e9veloppement de produits en collaboration avec des experts Plus de 100\u00a0produits Disponible dans plus de 100\u00a0points de vente r\u00e9partis sur tout le territoire de la Suisse [\/vc_column_text][\/vc_column][\/vc_row][vc_row][vc_column width=\u00a0\u00bb1\/2&Prime;][\/vc_column][vc_column width=\u00a0\u00bb1\/2&Prime;][\/vc_column][\/vc_row][vc_row][vc_column][vc_column_text css=\u00a0\u00bb\u00a0\u00bb]Savoir-faire bas\u00e9 sur l\u2019exp\u00e9rience Tout a commenc\u00e9 en 1989 dans une petite boucherie, [&hellip;]<\/p>\n","protected":false},"author":5,"featured_media":701,"parent":0,"menu_order":0,"comment_status":"closed","ping_status":"closed","template":"fullwidth.php","meta":{"footnotes":""},"class_list":["post-2182","page","type-page","status-publish","has-post-thumbnail","hentry"],"_links":{"self":[{"href":"https:\/\/www.big-pet.ch\/fr\/wp-json\/wp\/v2\/pages\/2182","targetHints":{"allow":["GET"]}}],"collection":[{"href":"https:\/\/www.big-pet.ch\/fr\/wp-json\/wp\/v2\/pages"}],"about":[{"href":"https:\/\/www.big-pet.ch\/fr\/wp-json\/wp\/v2\/types\/page"}],"author":[{"embeddable":true,"href":"https:\/\/www.big-pet.ch\/fr\/wp-json\/wp\/v2\/users\/5"}],"replies":[{"embeddable":true,"href":"https:\/\/www.big-pet.ch\/fr\/wp-json\/wp\/v2\/comments?post=2182"}],"version-history":[{"count":1,"href":"https:\/\/www.big-pet.ch\/fr\/wp-json\/wp\/v2\/pages\/2182\/revisions"}],"predecessor-version":[{"id":2183,"href":"https:\/\/www.big-pet.ch\/fr\/wp-json\/wp\/v2\/pages\/2182\/revisions\/2183"}],"wp:featuredmedia":[{"embeddable":true,"href":"https:\/\/www.big-pet.ch\/fr\/wp-json\/wp\/v2\/media\/701"}],"wp:attachment":[{"href":"https:\/\/www.big-pet.ch\/fr\/wp-json\/wp\/v2\/media?parent=2182"}],"curies":[{"name":"wp","href":"https:\/\/api.w.org\/{rel}","templated":true}]}}