
{"id":2174,"date":"2025-03-27T12:42:09","date_gmt":"2025-03-27T12:42:09","guid":{"rendered":"https:\/\/www.big-pet.ch\/?page_id=2174"},"modified":"2025-04-08T09:05:45","modified_gmt":"2025-04-08T09:05:45","slug":"protezione-dei-dati","status":"publish","type":"page","link":"https:\/\/www.big-pet.ch\/fr\/protezione-dei-dati\/","title":{"rendered":"Protection des donn\u00e9es"},"content":{"rendered":"<div class=\"wpb-content-wrapper\"><p>[vc_row][vc_column]<div class=\"vcBlock-titel\"><h1>D\u00e9claration de protection des donn\u00e9es<\/h1><\/div>[\/vc_column][\/vc_row][vc_row][vc_column][vc_column_text css=\u00a0\u00bb\u00a0\u00bb]<\/p>\n<div class=\"container-content text\">\n<h3 class=\"\" data-start=\"65\" data-end=\"109\"><strong data-start=\"69\" data-end=\"109\">Protection des donn\u00e9es \u2013 g\u00e9n\u00e9ralit\u00e9s<\/strong><\/h3>\n<p class=\"\" data-start=\"111\" data-end=\"784\">Il se peut que des informations personnelles vous soient demand\u00e9es sur ce site web. La r\u00e9ponse \u00e0 ces questions est facultative. Toutes les donn\u00e9es personnelles recueillies sur ce site sont utilis\u00e9es uniquement pour vous fournir un service personnalis\u00e9 et vous envoyer des informations sur les produits, conform\u00e9ment aux dispositions suisses en mati\u00e8re de protection des donn\u00e9es. Vos donn\u00e9es ne seront pas transmises \u00e0 des tiers. Les seules exceptions sont les prestataires de services agissant pour le compte de Big Pet AG. Big Pet AG garantit que vos donn\u00e9es seront trait\u00e9es de mani\u00e8re confidentielle conform\u00e9ment aux lois applicables en mati\u00e8re de protection des donn\u00e9es.<\/p>\n<h3 class=\"\" data-start=\"791\" data-end=\"807\"><strong data-start=\"795\" data-end=\"807\">Etracker<\/strong><\/h3>\n<p class=\"\" data-start=\"809\" data-end=\"1260\">Ce site web utilise des technologies de la soci\u00e9t\u00e9 etracker GmbH pour collecter et stocker des donn\u00e9es \u00e0 des fins de marketing et d\u2019optimisation. \u00c0 partir de ces donn\u00e9es, des profils d&rsquo;utilisation peuvent \u00eatre cr\u00e9\u00e9s sous un pseudonyme. Des cookies peuvent \u00eatre utilis\u00e9s \u00e0 cet effet. Les cookies sont de petits fichiers texte enregistr\u00e9s localement dans le cache du navigateur Internet du visiteur. Ils permettent de reconna\u00eetre le navigateur Internet.<\/p>\n<p class=\"\" data-start=\"1262\" data-end=\"1681\">Les donn\u00e9es collect\u00e9es avec les technologies d\u2019etracker ne seront pas utilis\u00e9es pour identifier personnellement les visiteurs de ce site sans leur consentement explicite et s\u00e9par\u00e9, et ne seront pas associ\u00e9es \u00e0 des donn\u00e9es personnelles sur le porteur du pseudonyme. Vous pouvez \u00e0 tout moment vous opposer \u00e0 la collecte et \u00e0 la sauvegarde de vos donn\u00e9es avec effet pour l\u2019avenir. Pour faire opposition, <a href=\"http:\/\/www.etracker.de\/privacy?et=H83WaK\">cliquez ici<\/a>.<\/p>\n<h3 class=\"\" data-start=\"1688\" data-end=\"1712\"><strong data-start=\"1692\" data-end=\"1712\">Google Analytics<\/strong><\/h3>\n<p class=\"\" data-start=\"1714\" data-end=\"2121\">Ce site utilise Google Analytics, un service d\u2019analyse web fourni par Google Inc. (\u00ab Google \u00bb). Google Analytics utilise des \u00ab cookies \u00bb, fichiers texte enregistr\u00e9s sur votre ordinateur, permettant d\u2019analyser votre utilisation du site. Les informations g\u00e9n\u00e9r\u00e9es par le cookie concernant votre utilisation de ce site web sont g\u00e9n\u00e9ralement transf\u00e9r\u00e9es \u00e0 un serveur de Google aux \u00c9tats-Unis et y sont stock\u00e9es. En cas d\u2019activation de l\u2019anonymisation IP sur ce site, votre adresse IP sera toutefois raccourcie par Google au sein des \u00c9tats membres de l\u2019Union europ\u00e9enne ou dans d\u2019autres \u00c9tats parties \u00e0 l\u2019accord sur l\u2019Espace \u00e9conomique europ\u00e9en. Ce n\u2019est que dans des cas exceptionnels que l\u2019adresse IP compl\u00e8te sera transmise \u00e0 un serveur de Google aux \u00c9tats-Unis et y sera raccourcie. Au nom de l\u2019exploitant de ce site web, Google utilisera ces informations pour \u00e9valuer votre utilisation du site, compiler des rapports sur les activit\u00e9s du site et fournir d&rsquo;autres services li\u00e9s \u00e0 l\u2019utilisation du site web et d\u2019Internet \u00e0 l\u2019exploitant du site. L\u2019adresse IP transmise par votre navigateur dans le cadre de Google Analytics ne sera pas associ\u00e9e \u00e0 d&rsquo;autres donn\u00e9es de Google. Vous pouvez emp\u00eacher l\u2019enregistrement des cookies en configurant votre logiciel de navigation en cons\u00e9quence ; toutefois, nous attirons votre attention sur le fait que, dans ce cas, il se peut que vous ne puissiez pas utiliser toutes les fonctionnalit\u00e9s de ce site. Vous pouvez \u00e9galement emp\u00eacher la collecte par Google des donn\u00e9es g\u00e9n\u00e9r\u00e9es par le cookie et relatives \u00e0 votre utilisation du site (y compris votre adresse IP), ainsi que le traitement de ces donn\u00e9es par Google, en t\u00e9l\u00e9chargeant et en installant le module compl\u00e9mentaire de navigateur disponible via le lien suivant: <a class=\"cursor-pointer\" target=\"_new\" rel=\"noopener\" data-start=\"3474\" data-end=\"3568\">http:\/\/tools.google.com\/dlpage\/gaoptout?hl=fr<\/a><\/p>\n<p class=\"\" data-start=\"3570\" data-end=\"3904\">Pour plus d\u2019informations, veuillez consulter : tools.google.com\/dlpage\/gaoptout ou <a class=\"cursor-pointer\" target=\"_new\" rel=\"noopener\" data-start=\"3702\" data-end=\"3826\">http:\/\/www.google.com\/intl\/fr\/analytics\/privacyoverview.html<\/a><br data-start=\"3826\" data-end=\"3829\" \/>(informations g\u00e9n\u00e9rales sur Google Analytics et la protection des donn\u00e9es). Veuillez noter que ce site web a \u00e9t\u00e9 compl\u00e9t\u00e9 par le code \u201egat._anonymizeIp();\u201c afin de garantir une collecte anonymis\u00e9e des adresses IP (ce qu\u2019on appelle IP-Masking).<\/p>\n<\/div>\n<p>[\/vc_column_text][\/vc_column][\/vc_row][vc_row][vc_column][\/vc_column][\/vc_row]<\/p>\n<\/div>","protected":false},"excerpt":{"rendered":"<p>[vc_row][vc_column][\/vc_column][\/vc_row][vc_row][vc_column][vc_column_text css=\u00a0\u00bb\u00a0\u00bb] Protection des donn\u00e9es \u2013 g\u00e9n\u00e9ralit\u00e9s Il se peut que des informations personnelles vous soient demand\u00e9es sur ce site web. La r\u00e9ponse \u00e0 ces questions est facultative. Toutes les donn\u00e9es personnelles recueillies sur ce site sont utilis\u00e9es uniquement pour vous fournir un service personnalis\u00e9 et vous envoyer des informations sur les produits, conform\u00e9ment aux [&hellip;]<\/p>\n","protected":false},"author":5,"featured_media":0,"parent":0,"menu_order":0,"comment_status":"closed","ping_status":"closed","template":"fullwidth.php","meta":{"footnotes":""},"class_list":["post-2174","page","type-page","status-publish","hentry"],"_links":{"self":[{"href":"https:\/\/www.big-pet.ch\/fr\/wp-json\/wp\/v2\/pages\/2174","targetHints":{"allow":["GET"]}}],"collection":[{"href":"https:\/\/www.big-pet.ch\/fr\/wp-json\/wp\/v2\/pages"}],"about":[{"href":"https:\/\/www.big-pet.ch\/fr\/wp-json\/wp\/v2\/types\/page"}],"author":[{"embeddable":true,"href":"https:\/\/www.big-pet.ch\/fr\/wp-json\/wp\/v2\/users\/5"}],"replies":[{"embeddable":true,"href":"https:\/\/www.big-pet.ch\/fr\/wp-json\/wp\/v2\/comments?post=2174"}],"version-history":[{"count":6,"href":"https:\/\/www.big-pet.ch\/fr\/wp-json\/wp\/v2\/pages\/2174\/revisions"}],"predecessor-version":[{"id":2237,"href":"https:\/\/www.big-pet.ch\/fr\/wp-json\/wp\/v2\/pages\/2174\/revisions\/2237"}],"wp:attachment":[{"href":"https:\/\/www.big-pet.ch\/fr\/wp-json\/wp\/v2\/media?parent=2174"}],"curies":[{"name":"wp","href":"https:\/\/api.w.org\/{rel}","templated":true}]}}