
{"id":2146,"date":"2025-03-27T12:16:32","date_gmt":"2025-03-27T12:16:32","guid":{"rendered":"https:\/\/www.big-pet.ch\/?page_id=2146"},"modified":"2025-05-20T13:41:15","modified_gmt":"2025-05-20T13:41:15","slug":"qualite-du-barf","status":"publish","type":"page","link":"https:\/\/www.big-pet.ch\/fr\/qualite-du-barf\/","title":{"rendered":"Qualit\u00e9 du BARF"},"content":{"rendered":"<div class=\"wpb-content-wrapper\"><p>[vc_row][vc_column]<div class=\"vcBlock-titel\"><h1>BARF-l\u2019alimentation naturelle pour les animaux<\/h1><\/div><div class=\"vcBlock-lead\">Le BARF est l\u2019alternative saine et naturelle \u00e0 la nourriture industrielle pr\u00eate \u00e0 l\u2019emploi. Nos produits BARF pour chiens et chats sont compos\u00e9s de viande pure de qualit\u00e9 et de compl\u00e9ments naturels \u00e0 base de fruits et de l\u00e9gumes, sans aucun additif, ar\u00f4me ou conservateur artificiels.<\/div>[\/vc_column][\/vc_row][vc_row][vc_column][vc_column_text css=\u00a0\u00bb\u00a0\u00bb]<\/p>\n<ol>\n<li>Des mati\u00e8res premi\u00e8res et de la viande fra\u00eeche 100% naturelles et non trait\u00e9es<\/li>\n<li>Alimentation pour animaux de compagnie saine et adapt\u00e9e aux besoins sp\u00e9cifiques de chaque esp\u00e8ce<\/li>\n<li>Exempts d\u2019additifs<\/li>\n<li>Une nutrition animale optimale pour la sant\u00e9 de votre compagnon<\/li>\n<\/ol>\n<p>[\/vc_column_text][\/vc_column][\/vc_row][vc_row][vc_column width=\u00a0\u00bb1\/2&Prime;]<div class=\"vc-block-img-classic\"><img decoding=\"async\" src=\"https:\/\/www.big-pet.ch\/wp-content\/uploads\/2022\/01\/inside_fleisch_messer.jpg\" srcset=\"https:\/\/www.big-pet.ch\/wp-content\/uploads\/2022\/01\/inside_fleisch_messer-239x300.jpg 239w, https:\/\/www.big-pet.ch\/wp-content\/uploads\/2022\/01\/inside_fleisch_messer.jpg 700w\"\/><div class=\"bgImgLegend\">Nous garantissons que nos produits carn\u00e9s pr\u00eats \u00e0 l\u2019emploi pour chiens et chats contiennent 100% de viande de qualit\u00e9 et rien d\u2019autre.<\/div><\/div>[\/vc_column][vc_column width=\u00a0\u00bb1\/2&Prime;]<div class=\"vc-block-img-classic\"><img decoding=\"async\" src=\"https:\/\/www.big-pet.ch\/wp-content\/uploads\/2022\/01\/teaser_vakuumiert_rot.jpg\" srcset=\"https:\/\/www.big-pet.ch\/wp-content\/uploads\/2022\/01\/teaser_vakuumiert_rot-300x300.jpg 300w, https:\/\/www.big-pet.ch\/wp-content\/uploads\/2022\/01\/teaser_vakuumiert_rot-150x150.jpg 150w, https:\/\/www.big-pet.ch\/wp-content\/uploads\/2022\/01\/teaser_vakuumiert_rot.jpg 700w\"\/><div class=\"bgImgLegend\">Depuis plus de 30\u00a0ans, l\u2019un des plus grands et plus fiables fabricants de BARF de Suisse\u00a0\u2013 un concentr\u00e9 de savoir-faire dans le domaine de l\u2019alimentation animale haut de gamme.<\/div><\/div>[\/vc_column][\/vc_row][vc_row][vc_column][vc_column_text css=\u00a0\u00bb\u00a0\u00bb]<strong>BARF\u00a0\u2013 le standard naturel en mati\u00e8re d\u2019alimentation animale<\/strong><\/p>\n<p>Le BARF (acronyme anglais de Biologically Appropriate Raw Food, soit nourriture crue biologiquement appropri\u00e9e) est l\u2019alimentation naturelle pour les animaux de compagnie carnivores, par exemple les chiens, les chats ou les furets. Le concept du Barf s\u2019inspire des origines de l\u2019alimentation animale et des habitudes alimentaires des chiens sauvages et des loups. Les rations sont compos\u00e9es de viande, d\u2019abats, d\u2019os et de poisson frais ou congel\u00e9s. La nourriture est compl\u00e9t\u00e9e par des fruits et des l\u00e9gumes et utilis\u00e9e crue. Au besoin, des produits c\u00e9r\u00e9aliers et des suppl\u00e9ments alimentaires peuvent \u00eatre ajout\u00e9s.<\/p>\n<p><strong>De la viande fra\u00eeche pure contribuant \u00e0 la sant\u00e9 optimale de votre compagnon<\/strong><\/p>\n<p>L\u2019alimentation avec de la nourriture pr\u00eate \u00e0 l\u2019emploi fabriqu\u00e9e industriellement entra\u00eene une augmentation consid\u00e9rable des maladies li\u00e9es au mode de vie au sein de la population canine et f\u00e9line. De nombreux propri\u00e9taires d\u2019animaux de compagnie et naturopathes animaliers, \u00e9leveurs et \u00e9galement v\u00e9t\u00e9rinaires estiment aujourd\u2019hui que l\u2019alimentation pr\u00eate \u00e0 l\u2019emploi est l\u2019une des principales causes d\u2019un mauvais \u00e9tat de sant\u00e9 et recherchent des alternatives \u00e0 ces produits. Le BARF est l\u2019alternative naturelle et saine. La base de l\u2019alimentation BARF est constitu\u00e9e de viande \u00e0 100% pure, fra\u00eeche et non trait\u00e9e.[\/vc_column_text][\/vc_column][\/vc_row][vc_row][vc_column][vc_separator][\/vc_column][\/vc_row][vc_row][vc_column]<div class=\"vcBlock-titel\"><h1>La meilleure qualit\u00e9 pour la nourriture pour chiens et chats<\/h1><\/div><div class=\"vcBlock-lead\">Nous sommes le sp\u00e9cialiste suisse de l\u2019alimentation animale BARF naturelle et saine de la meilleure qualit\u00e9.<\/div>[\/vc_column][\/vc_row][vc_row][vc_column][vc_column_text css=\u00a0\u00bb\u00a0\u00bb]<\/p>\n<ol>\n<li>Sp\u00e9cialis\u00e9 dans le domaine du BARF<\/li>\n<li>Traitement d\u2019animaux entiers pour une proportion de viande musculaire nettement sup\u00e9rieure<\/li>\n<li>Des mati\u00e8res premi\u00e8res naturelles non trait\u00e9es<\/li>\n<li>Une production suisse de qualit\u00e9<\/li>\n<\/ol>\n<p>[\/vc_column_text][\/vc_column][\/vc_row][vc_row][vc_column]<div class=\"vc-block-img-classic\"><img decoding=\"async\" src=\"https:\/\/www.big-pet.ch\/wp-content\/uploads\/2022\/01\/inside_fleisch_tisch-1024x658.jpg\" srcset=\"https:\/\/www.big-pet.ch\/wp-content\/uploads\/2022\/01\/inside_fleisch_tisch-300x193.jpg 300w, https:\/\/www.big-pet.ch\/wp-content\/uploads\/2022\/01\/inside_fleisch_tisch-1024x658.jpg 1024w, https:\/\/www.big-pet.ch\/wp-content\/uploads\/2022\/01\/inside_fleisch_tisch-768x494.jpg 768w, https:\/\/www.big-pet.ch\/wp-content\/uploads\/2022\/01\/inside_fleisch_tisch.jpg 1400w\"\/><div class=\"bgImgLegend\">S\u00e9lection minutieuse des mati\u00e8res premi\u00e8res garantissant la meilleure alimentation des chiens et des chats<\/div><\/div>[\/vc_column][\/vc_row][vc_row][vc_column][vc_column_text css=\u00a0\u00bb\u00a0\u00bb]<strong>La meilleure qualit\u00e9 pour les aliments pour chiens et chats<\/strong><\/p>\n<p>Nous sommes sp\u00e9cialis\u00e9s dans le domaine du BARF et ne traitons pas que des chutes et des sous-produits d\u2019abattage issus de la production alimentaire, mais aussi des animaux entiers. Cela nous permet d\u2019obtenir une meilleure qualit\u00e9 et une proportion nettement sup\u00e9rieure de viande musculaire pure de qualit\u00e9 dans les aliments crus. Nos aliments pour chiens et chats sont exclusivement compos\u00e9s de mati\u00e8res naturelles non trait\u00e9es et les produits carn\u00e9s proviennent de viande pure de qualit\u00e9. Notre nourriture pour chiens et chats est exempte de tout additif.<\/p>\n<ul>\n<li>Pas de conservateurs<\/li>\n<li>Pas d\u2019agents aromatisants\/attractifs<\/li>\n<li>Pas de c\u00e9r\u00e9ales<\/li>\n<li>Pas d\u2019additifs artificiels<\/li>\n<li>D\u00e9claration de tous les ingr\u00e9dients sans exception<\/li>\n<\/ul>\n<p>&nbsp;<\/p>\n<p><strong>Nourriture naturelle pour animaux de compagnie issue de la production suisse<\/strong><\/p>\n<p>Depuis plus de 30\u00a0ans, nous produisons chaque semaine en Suisse, dans notreentreprise familiale moderne, plusieurs tonnes de viande saine de qualit\u00e9 pour les chiens et les chats. Les mati\u00e8res premi\u00e8res utilis\u00e9es proviennent exclusivement de sources contr\u00f4l\u00e9es et fiables de Suisse, des \u00c9tats-Unis et d\u2019Australie. Nous connaissons nos fournisseurs personnellement et, dans notre entreprise sise \u00e0 Schmitten\/FR, nous avons le contr\u00f4le direct sur tous les ingr\u00e9dients et les \u00e9tapes de travail.<\/p>\n<p>Nous fabriquons exclusivement de la viande fra\u00eeche pour animaux, c\u2019est pourquoi nous sommes en mesure de produire des produits d\u2019une telle qualit\u00e9. En effet, chez nous, nous n\u2019utilisons pas que des d\u00e9coupes et des sous-produits d\u2019abattage, mais aussi une tr\u00e8s grande quantit\u00e9 de viande musculaire pure.[\/vc_column_text][\/vc_column][\/vc_row][vc_row][vc_column][vc_separator][\/vc_column][\/vc_row][vc_row][vc_column]<div class=\"vcBlock-titel\"><h1>Emballage id\u00e9al et disponibilit\u00e9 \u00e0 100%<\/h1><\/div><div class=\"vcBlock-lead\">Nos aliments BARF sont conditionn\u00e9s en portions pratiques et emball\u00e9s sous vide. Gr\u00e2ce \u00e0 notre propre grand entrep\u00f4t frigorifique, nous pouvons garantir \u00e0 tout moment et \u00e0 court terme une disponibilit\u00e9 maximale de tous les produits.<\/div>[\/vc_column][\/vc_row][vc_row][vc_column][vc_column_text css=\u00a0\u00bb\u00a0\u00bb]<\/p>\n<ol>\n<li>Emballage et conditionnement optimaux des portions<\/li>\n<li>Immense entrep\u00f4t frigorifique<\/li>\n<li>Livraisons dans toute la Suisse<\/li>\n<li>Produits disponibles dans plus de 100\u00a0magasins sp\u00e9cialis\u00e9s<\/li>\n<\/ol>\n<p>[\/vc_column_text][\/vc_column][\/vc_row][vc_row][vc_column width=\u00a0\u00bb1\/2&Prime;]<div class=\"vc-block-img-classic\"><img decoding=\"async\" src=\"https:\/\/www.big-pet.ch\/wp-content\/uploads\/2022\/01\/inside_verpackung.jpg\" srcset=\"https:\/\/www.big-pet.ch\/wp-content\/uploads\/2022\/01\/inside_verpackung-292x300.jpg 292w, https:\/\/www.big-pet.ch\/wp-content\/uploads\/2022\/01\/inside_verpackung.jpg 700w\"\/><div class=\"bgImgLegend\">Aliments pour chiens et chats conditionn\u00e9s en portions id\u00e9ales.<\/div><\/div>[\/vc_column][vc_column width=\u00a0\u00bb1\/2&Prime;]<div class=\"vc-block-img-classic\"><img decoding=\"async\" src=\"https:\/\/www.big-pet.ch\/wp-content\/uploads\/2022\/01\/inside_mann_im_kuehlraum.jpg\" srcset=\"https:\/\/www.big-pet.ch\/wp-content\/uploads\/2022\/01\/inside_mann_im_kuehlraum-239x300.jpg 239w, https:\/\/www.big-pet.ch\/wp-content\/uploads\/2022\/01\/inside_mann_im_kuehlraum.jpg 700w\"\/><div class=\"bgImgLegend\">Notre propre immense entrep\u00f4t frigorifique et nos excellentes relations avec les fournisseurs de viande garantissent une disponibilit\u00e9 constante \u00e0 100% des produits.<\/div><\/div>[\/vc_column][\/vc_row][vc_row][vc_column][vc_column_text css=\u00a0\u00bb\u00a0\u00bb]<strong>Emballage bien pens\u00e9 et disponibilit\u00e9 maximale<br \/>\n<\/strong><br \/>\nNous proposons une vaste gamme de plus de 100 produits pour l\u2019alimentation naturelle des chiens et des chats \u2013 le tout provenant d\u2019un seul et m\u00eame producteur. Les produits BARF sont propos\u00e9s dans des portions et des emballages id\u00e9aux. Gr\u00e2ce \u00e0 notre propre grand entrep\u00f4t frigorifique et aux excellentes relations avec nos fournisseurs, nous pouvons garantir la disponibilit\u00e9 de tous les produits \u00e0 100%, \u00e0 tout moment et \u00e0 court terme. Nous livrons 3\u00a0fois par semaine aux plus de 100\u00a0magasins sp\u00e9cialis\u00e9s r\u00e9partis sur tout le territoire suisse.[\/vc_column_text][\/vc_column][\/vc_row][vc_row][vc_column]<div class=\"vc-block-button\">\n            <a class=\"linkclass iconclass \" target=\"_self\" href=\"\/fr\/points-de-vente\/\">NOS POINTS DE VENTE<\/a><\/div>[\/vc_column][\/vc_row][vc_row full_width=\u00a0\u00bbstretch_row_content\u00a0\u00bb][vc_column]<div class=\"vc-block-breaker\"><div data-responsive-background-image><img decoding=\"async\" src=\"https:\/\/www.big-pet.ch\/wp-content\/uploads\/2022\/01\/call_to_action_2_2300.jpg\"\n                         ><\/div><div class=\"divTitelHolder\"><div class=\"divTitel\">Souhaitez-vous nous poser des questions?<\/div><div class=\"divCtoa\"><a class=\"aIconMail\" href=\"&#109;&#x61;i&#108;&#x74;&#111;&#x3a;i&#110;&#x66;o&#x40;&#x62;&#105;&#x67;-&#112;&#x65;t&#x2e;&#x63;&#104;\">&#x69;&#110;f&#x6f;&#64;b&#x69;&#103;-&#x70;&#101;t&#x2e;&#99;h<\/><br\/><a class=\"aIconPhone\" href=\"tel:0041 26 496 11 82\">026 496 11 82<\/a><\/div><\/div><\/div>[\/vc_column][\/vc_row]<\/p>\n<\/div>","protected":false},"excerpt":{"rendered":"<p>[vc_row][vc_column][\/vc_column][\/vc_row][vc_row][vc_column][vc_column_text css=\u00a0\u00bb\u00a0\u00bb] Des mati\u00e8res premi\u00e8res et de la viande fra\u00eeche 100% naturelles et non trait\u00e9es Alimentation pour animaux de compagnie saine et adapt\u00e9e aux besoins sp\u00e9cifiques de chaque esp\u00e8ce Exempts d\u2019additifs Une nutrition animale optimale pour la sant\u00e9 de votre compagnon [\/vc_column_text][\/vc_column][\/vc_row][vc_row][vc_column width=\u00a0\u00bb1\/2&Prime;][\/vc_column][vc_column width=\u00a0\u00bb1\/2&Prime;][\/vc_column][\/vc_row][vc_row][vc_column][vc_column_text css=\u00a0\u00bb\u00a0\u00bb]BARF\u00a0\u2013 le standard naturel en mati\u00e8re d\u2019alimentation animale Le BARF (acronyme [&hellip;]<\/p>\n","protected":false},"author":5,"featured_media":699,"parent":0,"menu_order":0,"comment_status":"closed","ping_status":"closed","template":"fullwidth.php","meta":{"footnotes":""},"class_list":["post-2146","page","type-page","status-publish","has-post-thumbnail","hentry"],"_links":{"self":[{"href":"https:\/\/www.big-pet.ch\/fr\/wp-json\/wp\/v2\/pages\/2146","targetHints":{"allow":["GET"]}}],"collection":[{"href":"https:\/\/www.big-pet.ch\/fr\/wp-json\/wp\/v2\/pages"}],"about":[{"href":"https:\/\/www.big-pet.ch\/fr\/wp-json\/wp\/v2\/types\/page"}],"author":[{"embeddable":true,"href":"https:\/\/www.big-pet.ch\/fr\/wp-json\/wp\/v2\/users\/5"}],"replies":[{"embeddable":true,"href":"https:\/\/www.big-pet.ch\/fr\/wp-json\/wp\/v2\/comments?post=2146"}],"version-history":[{"count":3,"href":"https:\/\/www.big-pet.ch\/fr\/wp-json\/wp\/v2\/pages\/2146\/revisions"}],"predecessor-version":[{"id":2594,"href":"https:\/\/www.big-pet.ch\/fr\/wp-json\/wp\/v2\/pages\/2146\/revisions\/2594"}],"wp:featuredmedia":[{"embeddable":true,"href":"https:\/\/www.big-pet.ch\/fr\/wp-json\/wp\/v2\/media\/699"}],"wp:attachment":[{"href":"https:\/\/www.big-pet.ch\/fr\/wp-json\/wp\/v2\/media?parent=2146"}],"curies":[{"name":"wp","href":"https:\/\/api.w.org\/{rel}","templated":true}]}}