
{"id":1683,"date":"2025-01-21T13:23:10","date_gmt":"2025-01-21T13:23:10","guid":{"rendered":"https:\/\/www.big-pet.ch\/?page_id=1683"},"modified":"2025-05-15T09:44:04","modified_gmt":"2025-05-15T09:44:04","slug":"home-fr","status":"publish","type":"page","link":"https:\/\/www.big-pet.ch\/fr\/","title":{"rendered":"Home FR"},"content":{"rendered":"<div class=\"wpb-content-wrapper\"><p>[vc_row][vc_column]<div class=\"vcBlock-lead\">Depuis plus de 35\u00a0ans, Big\u00a0Pet est l\u2019un des principaux fabricants suisses de BARF\u00a0\u2013 l\u2019alimentation crue biologiquement adapt\u00e9e aux besoins sp\u00e9cifiques de chaque esp\u00e8ce. Nos aliments pour animaux de compagnie sont enti\u00e8rement naturels. La meilleure viande pure, sans additifs ni conservateurs ajout\u00e9s. Vous trouverez nos plus de 100\u00a0produits carn\u00e9s diff\u00e9rents dans 100\u00a0magasins sp\u00e9cialis\u00e9s r\u00e9partis sur tout le territoire de la Suisse.<\/div>[\/vc_column][\/vc_row][vc_row][vc_column]\n            <div class=\"vcBlock-Teaser-Bild  alLeft\" >\n                <div class=\"divImage\" style=\"background-image:url(https:\/\/www.big-pet.ch\/wp-content\/uploads\/2022\/01\/teaser_barf-1.jpg)\">\n\n                <\/div>\n                <div class=\"divContent\" style=\"\">\n                    <h3 style=\"\" class=\"vc_custom_heading\">Aliments BARF 100% naturels<\/h3>\n                    <div class=\"wpb_text_column wpb_content_element \">\n                        <div class=\"wpb_wrapper\">De la viande de haute qualit\u00e9 non trait\u00e9e\u00a0\u2013 rien que le meilleur pour votre chien ou votre chat.<\/div>\n                    <\/div><a class=\"\" target=\"\" href=\"https:\/\/www.big-pet.ch\/fr\/qualite-du-barf\/\">en savoir plus<\/a><\/div>\n                <i class=\"demo-icon icon-up-open\"> <\/i>\n            <\/div>\n            <div class=\"vcBlock-Teaser-Bild  alRight\" >\n                <div class=\"divImage\" style=\"background-image:url(https:\/\/www.big-pet.ch\/wp-content\/uploads\/2022\/01\/teaser_top_qualitaet_neu2.jpg)\">\n\n                <\/div>\n                <div class=\"divContent\" style=\"\">\n                    <h3 style=\"\" class=\"vc_custom_heading\">Aliments pour animaux de compagnie de qualit\u00e9 sup\u00e9rieure<\/h3>\n                    <div class=\"wpb_text_column wpb_content_element \">\n                        <div class=\"wpb_wrapper\">Des aliments sains et naturels pour animaux de compagnie avec une forte proportion de viande musculaire, issue de sources contr\u00f4l\u00e9es et fiables.<\/div>\n                    <\/div><a class=\"\" target=\"\" href=\"https:\/\/www.big-pet.ch\/fr\/qualite-du-barf\/\">en savoir plus<\/a><\/div>\n                <i class=\"demo-icon icon-up-open\"> <\/i>\n            <\/div>\n            <div class=\"vcBlock-Teaser-Bild  alLeft\" >\n                <div class=\"divImage\" style=\"background-image:url(https:\/\/www.big-pet.ch\/wp-content\/uploads\/2022\/01\/teaser_natuerlich.jpg)\">\n\n                <\/div>\n                <div class=\"divContent\" style=\"\">\n                    <h3 style=\"\" class=\"vc_custom_heading\">Aucun additif<\/h3>\n                    <div class=\"wpb_text_column wpb_content_element \">\n                        <div class=\"wpb_wrapper\">De la nature pure \u00e0 100%, sans additifs cach\u00e9s.<\/div>\n                    <\/div><a class=\"\" target=\"\" href=\"https:\/\/www.big-pet.ch\/fr\/qualite-du-barf\/\">en savoir plus<\/a><\/div>\n                <i class=\"demo-icon icon-up-open\"> <\/i>\n            <\/div>\n            <div class=\"vcBlock-Teaser-Bild  alRight\" >\n                <div class=\"divImage\" style=\"background-image:url(https:\/\/www.big-pet.ch\/wp-content\/uploads\/2022\/01\/teaser_vakuumiert_rot.jpg)\">\n\n                <\/div>\n                <div class=\"divContent\" style=\"\">\n                    <h3 style=\"\" class=\"vc_custom_heading\">Emballage &amp; conditionnement en portions id\u00e9aux<\/h3>\n                    <div class=\"wpb_text_column wpb_content_element \">\n                        <div class=\"wpb_wrapper\">Si n\u00e9cessaire, nos produits sont emball\u00e9s sous vide, conditionn\u00e9s en portions id\u00e9ales et fiablement disponibles \u00e0 tout moment.<\/div>\n                    <\/div><a class=\"\" target=\"\" href=\"https:\/\/www.big-pet.ch\/fr\/qualite-du-barf\/\">en savoir plus<\/a><\/div>\n                <i class=\"demo-icon icon-up-open\"> <\/i>\n            <\/div>[\/vc_column][\/vc_row][vc_row full_width=\u00a0\u00bbstretch_row_content\u00a0\u00bb][vc_column]<div class=\"vc-block-breaker\"><div data-responsive-background-image><img decoding=\"async\" src=\"https:\/\/www.big-pet.ch\/wp-content\/uploads\/2022\/02\/call_to_action_2300_2-2.jpg\"\n                         ><\/div><div class=\"divTitelHolder\"><div class=\"divTitel\">Souhaitez-vous nous poser des questions?<\/div><div class=\"divCtoa\"><a class=\"aIconMail\" href=\"ma&#105;&#108;&#x74;&#x6f;&#x3a;&#x69;nf&#111;&#64;&#x62;&#x69;&#x67;&#x2d;pe&#116;&#46;&#99;&#x68;\">inf&#111;&#64;&#98;&#105;&#x67;&#x2d;&#x70;&#x65;&#x74;&#x2e;&#x63;h<\/><br\/><a class=\"aIconPhone\" href=\"tel:0041 26 496 11 82\">026 496 11 82<\/a><\/div><\/div><\/div>[\/vc_column][\/vc_row]<\/p>\n<\/div>","protected":false},"excerpt":{"rendered":"<p>[vc_row][vc_column][\/vc_column][\/vc_row][vc_row][vc_column][\/vc_column][\/vc_row][vc_row full_width=\u00a0\u00bbstretch_row_content\u00a0\u00bb][vc_column][\/vc_column][\/vc_row]<\/p>\n","protected":false},"author":1,"featured_media":2495,"parent":0,"menu_order":0,"comment_status":"closed","ping_status":"closed","template":"fullwidth.php","meta":{"footnotes":""},"class_list":["post-1683","page","type-page","status-publish","has-post-thumbnail","hentry"],"_links":{"self":[{"href":"https:\/\/www.big-pet.ch\/fr\/wp-json\/wp\/v2\/pages\/1683","targetHints":{"allow":["GET"]}}],"collection":[{"href":"https:\/\/www.big-pet.ch\/fr\/wp-json\/wp\/v2\/pages"}],"about":[{"href":"https:\/\/www.big-pet.ch\/fr\/wp-json\/wp\/v2\/types\/page"}],"author":[{"embeddable":true,"href":"https:\/\/www.big-pet.ch\/fr\/wp-json\/wp\/v2\/users\/1"}],"replies":[{"embeddable":true,"href":"https:\/\/www.big-pet.ch\/fr\/wp-json\/wp\/v2\/comments?post=1683"}],"version-history":[{"count":7,"href":"https:\/\/www.big-pet.ch\/fr\/wp-json\/wp\/v2\/pages\/1683\/revisions"}],"predecessor-version":[{"id":2585,"href":"https:\/\/www.big-pet.ch\/fr\/wp-json\/wp\/v2\/pages\/1683\/revisions\/2585"}],"wp:featuredmedia":[{"embeddable":true,"href":"https:\/\/www.big-pet.ch\/fr\/wp-json\/wp\/v2\/media\/2495"}],"wp:attachment":[{"href":"https:\/\/www.big-pet.ch\/fr\/wp-json\/wp\/v2\/media?parent=1683"}],"curies":[{"name":"wp","href":"https:\/\/api.w.org\/{rel}","templated":true}]}}