
{"id":1651,"date":"2025-01-17T12:11:07","date_gmt":"2025-01-17T12:11:07","guid":{"rendered":"https:\/\/www.big-pet.ch\/?page_id=1651"},"modified":"2025-03-27T11:48:52","modified_gmt":"2025-03-27T11:48:52","slug":"imprint","status":"publish","type":"page","link":"https:\/\/www.big-pet.ch\/fr\/imprint\/","title":{"rendered":"Imprint"},"content":{"rendered":"<div class=\"wpb-content-wrapper\"><p>[vc_row][vc_column]<div class=\"vcBlock-titel\"><h1>Imprint<\/h1><\/div>[\/vc_column][\/vc_row][vc_row][vc_column][vc_column_text]<\/p>\n<p><strong>Verantwortlich f\u00fcr die Website<\/strong><br \/>\nBig Pet AG<br \/>\n<span class=\"LrzXr\">W\u00fcnnewilstrasse 5<br \/>\n<\/span><span class=\"LrzXr\">3185 Schmitten<\/span><\/p>\n<p><strong>Werbeagentur<\/strong><br \/>\nLeuzinger + Partner<br \/>\n<a href=\"https:\/\/www.leuzingerpartner.ch\" target=\"_blank\" rel=\"noopener\">Werbeagentur<\/a> f\u00fcr Webdesign und Print<br \/>\nViktoriastrasse 84<br \/>\n3013 Bern<br \/>\n<a class=\"_ps2id\" href=\"https:\/\/www.leuzingerpartner.ch\" target=\"_blank\" rel=\"noopener\" data-ps2id-offset=\"\">www.leuzingerpartner.ch<\/a><\/p>\n<p><strong>Programmierung CMS<br \/>\n<\/strong><span class=\"LrzXr\">Creative Agent<br \/>\nSp\u00e4rsstrasse 2<br \/>\n<\/span><span class=\"LrzXr\">2562 Port<br \/>\n<\/span><a class=\"_ps2id\" href=\"https:\/\/www.creativeagent.ch\" target=\"_blank\" rel=\"noopener\" data-ps2id-offset=\"\">www.creativeagent.ch<\/a><\/p>\n<div class=\"TbwUpd NJjxre\"><cite class=\"iUh30 tjvcx\" role=\"text\">\u00a0<\/cite><\/div>\n<div><\/div>\n<div><\/div>\n<div><\/div>\n<div><\/div>\n<div><\/div>\n<div><\/div>\n<div><\/div>\n<div class=\"B6fmyf\">\n<div class=\"TbwUpd\"><\/div>\n<div class=\"eFM0qc\"><\/div>\n<\/div>\n<div class=\"container-fluid textimage\">\n<div class=\"container-wrapper\">\n<div id=\"35241ba0-b37a-4411-8296-13f4a3bf7272\" class=\"container\">\n<div class=\"container-title\"><\/div>\n<\/div>\n<\/div>\n<\/div>\n<p>[\/vc_column_text][\/vc_column][\/vc_row][vc_row][vc_column]<div class=\"vcBlock-titel\"><h1>Clause de non-responsabilit\u00e9<\/h1><\/div>[\/vc_column][\/vc_row][vc_row][vc_column][vc_column_text css=\u00a0\u00bb\u00a0\u00bb]<strong>Droits d\u2019auteur<\/strong><br \/>\nTous droits r\u00e9serv\u00e9s. Les textes, images, graphiques, sons, animations, vid\u00e9os, etc. ainsi que leur agencement sont prot\u00e9g\u00e9s par le droit d&rsquo;auteur et d&rsquo;autres lois de protection. Le contenu du pr\u00e9sent site web ne doit pas \u00eatre copi\u00e9, diffus\u00e9, modifi\u00e9 ou rendu accessible \u00e0 des tiers \u00e0 des fins commerciales. Le site web contient de plus des images soumises au droit d\u2019auteur de tiers. \u00a9 Big\u00a0Pet\u00a0AG. Schmitten. Suisse<\/p>\n<p><strong>Marques d\u00e9pos\u00e9es<br \/>\n<\/strong>Sauf indication contraire, toutes les marques d\u00e9pos\u00e9es figurant sur le pr\u00e9sent site web sont prot\u00e9g\u00e9es par le droit des marques. Ce site web a \u00e9t\u00e9 \u00e9labor\u00e9 avec le plus grand soin. N\u00e9anmoins, Big\u00a0Pet\u00a0AG ne peut pas garantir l\u2019absence d\u2019erreurs ni l\u2019exactitude des informations contenues. Big\u00a0Pet\u00a0AG exclut toute responsabilit\u00e9 pour des dommages directs ou indirects r\u00e9sultant de l\u2019utilisation du pr\u00e9sent site web. Dans la mesure o\u00f9 ce site web fait r\u00e9f\u00e9rence \u00e0 des sites web exploit\u00e9s par des tiers, Big\u00a0Pet\u00a0AG d\u00e9cline toute responsabilit\u00e9 quant \u00e0 leur contenu.<\/p>\n<p><strong>Droits d\u2019utilisation<\/strong><br \/>\nBig Pet\u00a0AG souhaite se pr\u00e9senter \u00e0 vous avec un site web moderne et informatif. La propri\u00e9t\u00e9 intellectuelle qu\u2019il contient, comme les marques et les droits d\u2019auteur, est<\/p>\n<p>[\/vc_column_text][\/vc_column][\/vc_row][vc_row][vc_column][\/vc_column][\/vc_row]<\/p>\n<\/div>","protected":false},"excerpt":{"rendered":"<p>[vc_row][vc_column][\/vc_column][\/vc_row][vc_row][vc_column][vc_column_text] Verantwortlich f\u00fcr die Website Big Pet AG W\u00fcnnewilstrasse 5 3185 Schmitten Werbeagentur Leuzinger + Partner Werbeagentur f\u00fcr Webdesign und Print Viktoriastrasse 84 3013 Bern www.leuzingerpartner.ch Programmierung CMS Creative Agent Sp\u00e4rsstrasse 2 2562 Port www.creativeagent.ch \u00a0 [\/vc_column_text][\/vc_column][\/vc_row][vc_row][vc_column][\/vc_column][\/vc_row][vc_row][vc_column][vc_column_text css=\u00a0\u00bb\u00a0\u00bb]Droits d\u2019auteur Tous droits r\u00e9serv\u00e9s. Les textes, images, graphiques, sons, animations, vid\u00e9os, etc. ainsi que leur agencement sont [&hellip;]<\/p>\n","protected":false},"author":1,"featured_media":0,"parent":0,"menu_order":0,"comment_status":"closed","ping_status":"closed","template":"fullwidth.php","meta":{"footnotes":""},"class_list":["post-1651","page","type-page","status-publish","hentry"],"_links":{"self":[{"href":"https:\/\/www.big-pet.ch\/fr\/wp-json\/wp\/v2\/pages\/1651","targetHints":{"allow":["GET"]}}],"collection":[{"href":"https:\/\/www.big-pet.ch\/fr\/wp-json\/wp\/v2\/pages"}],"about":[{"href":"https:\/\/www.big-pet.ch\/fr\/wp-json\/wp\/v2\/types\/page"}],"author":[{"embeddable":true,"href":"https:\/\/www.big-pet.ch\/fr\/wp-json\/wp\/v2\/users\/1"}],"replies":[{"embeddable":true,"href":"https:\/\/www.big-pet.ch\/fr\/wp-json\/wp\/v2\/comments?post=1651"}],"version-history":[{"count":3,"href":"https:\/\/www.big-pet.ch\/fr\/wp-json\/wp\/v2\/pages\/1651\/revisions"}],"predecessor-version":[{"id":2171,"href":"https:\/\/www.big-pet.ch\/fr\/wp-json\/wp\/v2\/pages\/1651\/revisions\/2171"}],"wp:attachment":[{"href":"https:\/\/www.big-pet.ch\/fr\/wp-json\/wp\/v2\/media?parent=1651"}],"curies":[{"name":"wp","href":"https:\/\/api.w.org\/{rel}","templated":true}]}}