
{"id":627,"date":"2021-09-03T16:26:16","date_gmt":"2021-09-03T16:26:16","guid":{"rendered":"https:\/\/dev41.creativeagent.ch\/?page_id=627"},"modified":"2024-04-23T06:26:20","modified_gmt":"2024-04-23T06:26:20","slug":"unternehmen","status":"publish","type":"page","link":"https:\/\/www.big-pet.ch\/de\/unternehmen\/","title":{"rendered":"Unternehmen"},"content":{"rendered":"<div class=\"wpb-content-wrapper\"><p>[vc_row][vc_column]<div class=\"vcBlock-titel\"><h1>Der Schweizer BARF-Spezialist<\/h1><\/div><div class=\"vcBlock-lead\">Als Schweizer Familienunternehmen fokussieren wir uns seit \u00fcber 30 Jahren ausschliesslich auf die Produktion von reiner, hochwertiger BARF-Tiernahrung.<\/div>[\/vc_column][\/vc_row][vc_row][vc_column][vc_column_text]<\/p>\n<ol>\n<li>\u00dcber 30 Jahre Erfahrung<\/li>\n<li>Einer der gr\u00f6ssten BARF-Produzenten<\/li>\n<li>Produkteentwicklung zusammen mit Experten<\/li>\n<li>\u00dcber 100 Produkte<\/li>\n<li>Erh\u00e4ltlich in \u00fcber 100 Verkaufsstellen in der ganzen Schweiz<\/li>\n<\/ol>\n<p>[\/vc_column_text][\/vc_column][\/vc_row][vc_row][vc_column width=&#8220;1\/2&#8243;]<div class=\"vc-block-img-classic\"><img decoding=\"async\" src=\"https:\/\/www.big-pet.ch\/wp-content\/uploads\/2022\/01\/inside_brueder_an_maschine.jpg\" srcset=\"https:\/\/www.big-pet.ch\/wp-content\/uploads\/2022\/01\/inside_brueder_an_maschine-239x300.jpg 239w, https:\/\/www.big-pet.ch\/wp-content\/uploads\/2022\/01\/inside_brueder_an_maschine.jpg 700w\"\/><div class=\"bgImgLegend\">Unsere Spezialisten stellen die hohe Qualit\u00e4t unserer Produkte sicher und beraten Sie auch gerne pers\u00f6nlich.<\/div><\/div>[\/vc_column][vc_column width=&#8220;1\/2&#8243;]<div class=\"vc-block-img-classic\"><img decoding=\"async\" src=\"https:\/\/www.big-pet.ch\/wp-content\/uploads\/2022\/01\/inside_maschine.jpg\" srcset=\"https:\/\/www.big-pet.ch\/wp-content\/uploads\/2022\/01\/inside_maschine-300x300.jpg 300w, https:\/\/www.big-pet.ch\/wp-content\/uploads\/2022\/01\/inside_maschine-150x150.jpg 150w, https:\/\/www.big-pet.ch\/wp-content\/uploads\/2022\/01\/inside_maschine.jpg 700w\"\/><div class=\"bgImgLegend\">Moderner Maschinenpark f\u00fcr hochklassige Produkte.<\/div><\/div>[\/vc_column][\/vc_row][vc_row][vc_column][vc_column_text]<strong>Know-how aus Erfahrung<br \/>\n<\/strong><br \/>\nAlles begann 1989 in einer kleinen Metzgerei, als die Unternehmensgr\u00fcnder Alois &amp; Rosmarie Gauch die erste Packung Frischfleisch f\u00fcr Tiere herstellten. Heute ist das Familienunternehmen einer der gr\u00f6ssten BARF-Produzenten in der Schweiz. Das Unternehmen produziert in Schmitten, auf einem modernen Maschinenpark und in sorgf\u00e4ltiger Handarbeit \u00fcber 100 verschiedene BARF-Produkte und liefert diese an \u00fcber 100 Fachgesch\u00e4fte in der ganzen Schweiz. Unsere Produkte werden zusammen mit Experten speziell f\u00fcr die Ern\u00e4hrung mit Frischfleisch entwickelt. \u00dcber die Jahre hat sich ein \u00fcberaus hohes Know-how bei uns angesammelt. Unsere BARF-Spezialisten beraten Sie auch gerne pers\u00f6nlich bei Fragen und Problemen.[\/vc_column_text][\/vc_column][\/vc_row][vc_row][vc_column][vc_separator][\/vc_column][\/vc_row][vc_row][vc_column]<div class=\"vcBlock-titel\"><h1>Kompetentes Team<\/h1><\/div><div class=\"vcBlock-lead\">\u00dcber 20 kompetente Mitarbeitende engagieren sich jeden Tag f\u00fcr die \u00fcberaus hohe Qualit\u00e4t unserer Produkte. Ausgewiesene und erfahrene Fachleute f\u00fchren das Unternehmen und stehen Ihnen f\u00fcr weitere Informationen gerne zur Verf\u00fcgung.<\/div>[\/vc_column][\/vc_row][vc_row][vc_column][vc_column_text]<\/p>\n<ol>\n<li>Pers\u00f6nliche, kompetente Beratung durch die Inhaber<\/li>\n<li>Top Service und Dienstleistungen<\/li>\n<li>Lieferung in die ganze Schweiz<\/li>\n<li>Produkte in \u00fcber 100 Fachgesch\u00e4ften erh\u00e4ltlich<\/li>\n<\/ol>\n<p>[\/vc_column_text][\/vc_column][\/vc_row][vc_row][vc_column width=&#8220;1\/2&#8243;]<div class=\"vc-block-img-classic\"><img decoding=\"async\" src=\"https:\/\/www.big-pet.ch\/wp-content\/uploads\/2022\/01\/inside_brueder.jpg\" srcset=\"https:\/\/www.big-pet.ch\/wp-content\/uploads\/2022\/01\/inside_brueder-300x300.jpg 300w, https:\/\/www.big-pet.ch\/wp-content\/uploads\/2022\/01\/inside_brueder-150x150.jpg 150w, https:\/\/www.big-pet.ch\/wp-content\/uploads\/2022\/01\/inside_brueder.jpg 700w\"\/><div class=\"bgImgLegend\">Unsere Spezialisten Michel Gauch (Inhaber, rechts) und Dominique Gauch (Stv., links) stehen Ihnen bei Fragen gerne zur Verf\u00fcgung.<\/div><\/div><div class=\"vc-block-img-classic\"><img decoding=\"async\" src=\"https:\/\/www.big-pet.ch\/wp-content\/uploads\/2022\/01\/inside_mann_bart.jpg\" srcset=\"https:\/\/www.big-pet.ch\/wp-content\/uploads\/2022\/01\/inside_mann_bart-300x300.jpg 300w, https:\/\/www.big-pet.ch\/wp-content\/uploads\/2022\/01\/inside_mann_bart-150x150.jpg 150w, https:\/\/www.big-pet.ch\/wp-content\/uploads\/2022\/01\/inside_mann_bart.jpg 700w\"\/><div class=\"bgImgLegend\">Unser Produktionsverantwortlicher Matthias Lehmann k\u00fcmmert sich pers\u00f6nlich um Ihre Anliegen.<\/div><\/div>[\/vc_column][vc_column width=&#8220;1\/2&#8243;]<div class=\"vc-block-img-classic\"><img decoding=\"async\" src=\"https:\/\/www.big-pet.ch\/wp-content\/uploads\/2024\/04\/3987020-683x1024.jpg\" srcset=\"https:\/\/www.big-pet.ch\/wp-content\/uploads\/2024\/04\/3987020-200x300.jpg 200w, https:\/\/www.big-pet.ch\/wp-content\/uploads\/2024\/04\/3987020-683x1024.jpg 683w, https:\/\/www.big-pet.ch\/wp-content\/uploads\/2024\/04\/3987020-768x1151.jpg 768w, https:\/\/www.big-pet.ch\/wp-content\/uploads\/2024\/04\/3987020-1025x1536.jpg 1025w, https:\/\/www.big-pet.ch\/wp-content\/uploads\/2024\/04\/3987020.jpg 1268w\"\/><div class=\"bgImgLegend\">Haben Sie Fragen? Melden Sie sich gerne bei uns. Wir k\u00fcmmern uns so rasch als m\u00f6glich um Ihr Anliegen.<\/div><\/div>[\/vc_column][\/vc_row][vc_row full_width=&#8220;stretch_row_content&#8220;][vc_column]<div class=\"vc-block-breaker\"><div data-responsive-background-image><img decoding=\"async\" src=\"https:\/\/www.big-pet.ch\/wp-content\/uploads\/2022\/02\/call_to_action_2300_2-2.jpg\"\n                         ><\/div><div class=\"divTitelHolder\"><div class=\"divTitel\">Haben Sie Fragen?<\/div><div class=\"divCtoa\"><a class=\"aIconMail\" href=\"&#x6d;a&#x69;&#108;&#x74;&#111;:&#x69;n&#x66;&#111;&#x40;&#98;i&#x67;&#45;&#x70;&#101;t&#x2e;c&#x68;\">&#x69;&#x6e;&#x66;&#x6f;&#64;&#98;&#105;g-&#x70;&#x65;&#x74;&#x2e;&#x63;&#104;<\/><br\/><a class=\"aIconPhone\" href=\"tel:0041 26 496 11 82\">026 496 11 82<\/a><\/div><\/div><\/div>[\/vc_column][\/vc_row]<\/p>\n<\/div>","protected":false},"excerpt":{"rendered":"<p>[vc_row][vc_column][\/vc_column][\/vc_row][vc_row][vc_column][vc_column_text] \u00dcber 30 Jahre Erfahrung Einer der gr\u00f6ssten BARF-Produzenten Produkteentwicklung zusammen mit Experten \u00dcber 100 Produkte Erh\u00e4ltlich in \u00fcber 100 Verkaufsstellen in der ganzen Schweiz [\/vc_column_text][\/vc_column][\/vc_row][vc_row][vc_column width=&#8220;1\/2&#8243;][\/vc_column][vc_column width=&#8220;1\/2&#8243;][\/vc_column][\/vc_row][vc_row][vc_column][vc_column_text]Know-how aus Erfahrung Alles begann 1989 in einer kleinen Metzgerei, als die Unternehmensgr\u00fcnder Alois &amp; Rosmarie Gauch die erste Packung Frischfleisch f\u00fcr Tiere herstellten. Heute ist das Familienunternehmen [&hellip;]<\/p>\n","protected":false},"author":2,"featured_media":700,"parent":0,"menu_order":0,"comment_status":"closed","ping_status":"closed","template":"fullwidth.php","meta":{"footnotes":""},"class_list":["post-627","page","type-page","status-publish","has-post-thumbnail","hentry"],"_links":{"self":[{"href":"https:\/\/www.big-pet.ch\/de\/wp-json\/wp\/v2\/pages\/627","targetHints":{"allow":["GET"]}}],"collection":[{"href":"https:\/\/www.big-pet.ch\/de\/wp-json\/wp\/v2\/pages"}],"about":[{"href":"https:\/\/www.big-pet.ch\/de\/wp-json\/wp\/v2\/types\/page"}],"author":[{"embeddable":true,"href":"https:\/\/www.big-pet.ch\/de\/wp-json\/wp\/v2\/users\/2"}],"replies":[{"embeddable":true,"href":"https:\/\/www.big-pet.ch\/de\/wp-json\/wp\/v2\/comments?post=627"}],"version-history":[{"count":48,"href":"https:\/\/www.big-pet.ch\/de\/wp-json\/wp\/v2\/pages\/627\/revisions"}],"predecessor-version":[{"id":1538,"href":"https:\/\/www.big-pet.ch\/de\/wp-json\/wp\/v2\/pages\/627\/revisions\/1538"}],"wp:featuredmedia":[{"embeddable":true,"href":"https:\/\/www.big-pet.ch\/de\/wp-json\/wp\/v2\/media\/700"}],"wp:attachment":[{"href":"https:\/\/www.big-pet.ch\/de\/wp-json\/wp\/v2\/media?parent=627"}],"curies":[{"name":"wp","href":"https:\/\/api.w.org\/{rel}","templated":true}]}}