
{"id":2609,"date":"2025-06-30T06:33:09","date_gmt":"2025-06-30T06:33:09","guid":{"rendered":"https:\/\/www.big-pet.ch\/?page_id=2609"},"modified":"2025-12-02T07:32:54","modified_gmt":"2025-12-02T07:32:54","slug":"ferien","status":"publish","type":"page","link":"https:\/\/www.big-pet.ch\/de\/ferien\/","title":{"rendered":"Ferien"},"content":{"rendered":"<div class=\"wpb-content-wrapper\"><p>[vc_row][vc_column]<div class=\"vcBlock-titel\"><h1>Betriebsferien und Bestellprozess \u00fcber Weihnachten &amp; Neujahr<\/h1><\/div>[\/vc_column][\/vc_row][vc_row][vc_column][vc_column_text css=&#8220;&#8220;]<strong>Betriebsferien:<br \/>\n<\/strong>Unser Gesch\u00e4ft bleibt von Montag, 22.12.2025, bis und mit Sonntag, 04.01.2026, grunds\u00e4tzlich geschlossen.<br \/>\nDas B\u00fcro ist w\u00e4hrend dieser Zeit nicht besetzt.<\/p>\n<p>&nbsp;<\/p>\n<p><strong>Bestellungen bis zur Auslieferung am Mittwoch, 24.12.2025:<br \/>\n<\/strong>Der Bestellprozess l\u00e4uft bis und mit der Auslieferung am\u00a0<strong>Mittwoch, 24.12.2025, ganz normal.<\/strong><\/p>\n<p>&nbsp;<\/p>\n<p><strong>Auslieferungen am Freitag, 26.12.2025:<br \/>\n<\/strong>Die Auslieferung am\u00a0<strong>Freitag, 26.12.2025, entf\u00e4llt<\/strong>.<\/p>\n<p>&nbsp;<\/p>\n<p><strong>Auslieferungen am 29., 30. und 31. Dezember 2025:<br \/>\n<\/strong>W\u00e4hrend der Betriebsferien sind Lieferungen an folgenden Daten m\u00f6glich:<br \/>\nMontag, 29.12.2025<br \/>\nDienstag, 30.12.2025<br \/>\nMittwoch, 31.12.2025<\/p>\n<p>Damit wir diese Auslieferungen einplanen k\u00f6nnen, muss Ihre Bestellung\u00a0<strong>bis sp\u00e4testens Mittwoch, 17.12.2025, 14:00 Uhr<\/strong>\u00a0bei uns eingegangen sein.<br \/>\nSp\u00e4ter eintreffende Bestellungen k\u00f6nnen leider nicht mehr ber\u00fccksichtigt werden. Weiter muss das gew\u00fcnschte Lieferdatum korrekt angegeben werden.<\/p>\n<p>&nbsp;<\/p>\n<p><strong>Auslieferung am Dienstag, 06.01.2026:<br \/>\n<\/strong>Die Auslieferung am\u00a0<strong>Dienstag, 06.01.2026, entf\u00e4llt.<\/strong><\/p>\n<p>&nbsp;<\/p>\n<p><strong>Auslieferungen ab Mittwoch, 07.01.2026:<br \/>\n<\/strong>Ab\u00a0<strong>Mittwoch, 07.01.2026, gelten wieder der normale Bestellprozess<\/strong>\u00a0und die \u00fcblichen Liefertage.[\/vc_column_text][\/vc_column][\/vc_row]<\/p>\n<\/div>","protected":false},"excerpt":{"rendered":"<p>[vc_row][vc_column][\/vc_column][\/vc_row][vc_row][vc_column][vc_column_text css=&#8220;&#8220;]Betriebsferien: Unser Gesch\u00e4ft bleibt von Montag, 22.12.2025, bis und mit Sonntag, 04.01.2026, grunds\u00e4tzlich geschlossen. Das B\u00fcro ist w\u00e4hrend dieser Zeit nicht besetzt. &nbsp; Bestellungen bis zur Auslieferung am Mittwoch, 24.12.2025: Der Bestellprozess l\u00e4uft bis und mit der Auslieferung am\u00a0Mittwoch, 24.12.2025, ganz normal. &nbsp; Auslieferungen am Freitag, 26.12.2025: Die Auslieferung am\u00a0Freitag, 26.12.2025, entf\u00e4llt. &nbsp; Auslieferungen [&hellip;]<\/p>\n","protected":false},"author":5,"featured_media":0,"parent":0,"menu_order":0,"comment_status":"closed","ping_status":"closed","template":"fullwidth.php","meta":{"footnotes":""},"class_list":["post-2609","page","type-page","status-publish","hentry"],"_links":{"self":[{"href":"https:\/\/www.big-pet.ch\/de\/wp-json\/wp\/v2\/pages\/2609","targetHints":{"allow":["GET"]}}],"collection":[{"href":"https:\/\/www.big-pet.ch\/de\/wp-json\/wp\/v2\/pages"}],"about":[{"href":"https:\/\/www.big-pet.ch\/de\/wp-json\/wp\/v2\/types\/page"}],"author":[{"embeddable":true,"href":"https:\/\/www.big-pet.ch\/de\/wp-json\/wp\/v2\/users\/5"}],"replies":[{"embeddable":true,"href":"https:\/\/www.big-pet.ch\/de\/wp-json\/wp\/v2\/comments?post=2609"}],"version-history":[{"count":5,"href":"https:\/\/www.big-pet.ch\/de\/wp-json\/wp\/v2\/pages\/2609\/revisions"}],"predecessor-version":[{"id":2646,"href":"https:\/\/www.big-pet.ch\/de\/wp-json\/wp\/v2\/pages\/2609\/revisions\/2646"}],"wp:attachment":[{"href":"https:\/\/www.big-pet.ch\/de\/wp-json\/wp\/v2\/media?parent=2609"}],"curies":[{"name":"wp","href":"https:\/\/api.w.org\/{rel}","templated":true}]}}