
{"id":26,"date":"2020-10-23T13:46:37","date_gmt":"2020-10-23T13:46:37","guid":{"rendered":"https:\/\/dev41.creativeagent.ch\/?page_id=26"},"modified":"2025-05-20T13:40:50","modified_gmt":"2025-05-20T13:40:50","slug":"barf-qualitaet","status":"publish","type":"page","link":"https:\/\/www.big-pet.ch\/de\/barf-qualitaet\/","title":{"rendered":"BARF-Qualit\u00e4t"},"content":{"rendered":"<div class=\"wpb-content-wrapper\"><p>[vc_row][vc_column]<div class=\"vcBlock-titel\"><h1>BARF \u2013 die nat\u00fcrliche Tiernahrung<\/h1><\/div><div class=\"vcBlock-lead\">BARF ist die gesunde und nat\u00fcrliche Alternative zum industriell hergestellten Fertigfutter. Unsere BARF-Produkte f\u00fcr Hunde und Katzen bestehen aus reinem, hochwertigem Fleisch und nat\u00fcrlichen Obst- und Gem\u00fcsezus\u00e4tzen, ohne irgendwelche k\u00fcnstlichen Zusatzstoffe, Aromen oder Konservierungsmittel.<\/div>[\/vc_column][\/vc_row][vc_row][vc_column][vc_column_text]<\/p>\n<ol>\n<li>100% nat\u00fcrliche, unbehandelte Naturstoffe und Frischfleisch<\/li>\n<li>Biologisch artgerechtes gesundes Tierfutter<\/li>\n<li>Frei von Zusatzstoffen<\/li>\n<li>Optimale Tiernahrung f\u00fcr die Gesundheit Ihres Lieblings<\/li>\n<\/ol>\n<p>[\/vc_column_text][\/vc_column][\/vc_row][vc_row][vc_column width=&#8220;1\/2&#8243;]<div class=\"vc-block-img-classic\"><img decoding=\"async\" src=\"https:\/\/www.big-pet.ch\/wp-content\/uploads\/2022\/01\/inside_fleisch_messer.jpg\" srcset=\"https:\/\/www.big-pet.ch\/wp-content\/uploads\/2022\/01\/inside_fleisch_messer-239x300.jpg 239w, https:\/\/www.big-pet.ch\/wp-content\/uploads\/2022\/01\/inside_fleisch_messer.jpg 700w\"\/><div class=\"bgImgLegend\">Unsere Fleischprodukte f\u00fcr Hunde und Katzen enthalten garantiert 100% hochwertiges Fleisch und nichts Anderes.<\/div><\/div>[\/vc_column][vc_column width=&#8220;1\/2&#8243;]<div class=\"vc-block-img-classic\"><img decoding=\"async\" src=\"https:\/\/www.big-pet.ch\/wp-content\/uploads\/2022\/01\/teaser_vakuumiert_rot.jpg\" srcset=\"https:\/\/www.big-pet.ch\/wp-content\/uploads\/2022\/01\/teaser_vakuumiert_rot-300x300.jpg 300w, https:\/\/www.big-pet.ch\/wp-content\/uploads\/2022\/01\/teaser_vakuumiert_rot-150x150.jpg 150w, https:\/\/www.big-pet.ch\/wp-content\/uploads\/2022\/01\/teaser_vakuumiert_rot.jpg 700w\"\/><div class=\"bgImgLegend\">Seit \u00fcber 30 Jahren einer der gr\u00f6ssten und verl\u00e4sslichsten BARF-Hersteller in der Schweiz \u2013 geballtes Know-how f\u00fcr hochwertiges Tierfutter.<\/div><\/div>[\/vc_column][\/vc_row][vc_row][vc_column][vc_column_text]<strong>BARF \u2013 der Naturstandard in der Tiernahrung<\/strong><\/p>\n<p>BARF (biologisch artgerechtes rohes Futter) ist die nat\u00fcrliche Tiernahrung f\u00fcr fleischfressende Haustiere wie z.B. Hunde, Katzen oder Frettchen. Barf geht auf den Ursprung der Tiernahrung zur\u00fcck und orientiert sich an den Fressgewohnheiten von Wildhunden und W\u00f6lfen. Die Rationen werden aus frischem oder tiefgek\u00fchltem Fleisch, Innereien, Knochen und Fisch zusammengestellt. Das Futter wird mit Obst und Gem\u00fcse erg\u00e4nzt und roh verf\u00fcttert. Bei Bedarf k\u00f6nnen Getreideprodukte und Futterzus\u00e4tze zugegeben werden.<\/p>\n<p><strong>Reines frisches Fleisch f\u00fcr eine optimale Gesundheit Ihres Lieblings<\/strong><\/p>\n<p>Die F\u00fctterung mit industriell hergestelltem Fertigfutter f\u00fchrt zu einem enormen Zuwachs an Zivilisationskrankheiten in der Hunde- und Katzenpopulation. Viele Haustierbesitzer, Tierheilpraktiker, Z\u00fcchter und auch Tier\u00e4rzte sind heute der Meinung, dass Fertigfutter einer der Hauptverursacher eines schlechten Gesundheitszustandes ist, und suchen nach Alternativen zu Fertigfutterprodukten. BARF ist die nat\u00fcrliche, gesunde Alternative. Die Basis der BARF-Ern\u00e4hrung ist 100% reines, frisches, unbehandeltes Fleisch.[\/vc_column_text][\/vc_column][\/vc_row][vc_row][vc_column][vc_separator][\/vc_column][\/vc_row][vc_row][vc_column]<div class=\"vcBlock-titel\"><h1>Beste Qualit\u00e4t f\u00fcr Hunde- und Katzennahrung<\/h1><\/div><div class=\"vcBlock-lead\">Wir sind Ihr Schweizer Spezialist f\u00fcr nat\u00fcrliche und gesunde BARF Tierern\u00e4hrung in h\u00f6chster Qualit\u00e4t.<\/div>[\/vc_column][\/vc_row][vc_row][vc_column][vc_column_text]<\/p>\n<ol>\n<li>Spezialisiert auf BARF<\/li>\n<li>Verarbeitung ganzer Tiere f\u00fcr deutlich h\u00f6heren Anteil an Muskelfleisch<\/li>\n<li>Unbehandelte Naturstoffe<\/li>\n<li>Schweizer Qualit\u00e4tsproduktion<\/li>\n<\/ol>\n<p>[\/vc_column_text][\/vc_column][\/vc_row][vc_row][vc_column]<div class=\"vc-block-img-classic\"><img decoding=\"async\" src=\"https:\/\/www.big-pet.ch\/wp-content\/uploads\/2022\/01\/inside_fleisch_tisch-1024x658.jpg\" srcset=\"https:\/\/www.big-pet.ch\/wp-content\/uploads\/2022\/01\/inside_fleisch_tisch-300x193.jpg 300w, https:\/\/www.big-pet.ch\/wp-content\/uploads\/2022\/01\/inside_fleisch_tisch-1024x658.jpg 1024w, https:\/\/www.big-pet.ch\/wp-content\/uploads\/2022\/01\/inside_fleisch_tisch-768x494.jpg 768w, https:\/\/www.big-pet.ch\/wp-content\/uploads\/2022\/01\/inside_fleisch_tisch.jpg 1400w\"\/><div class=\"bgImgLegend\">Sorgf\u00e4ltige Auswahl der Rohstoffe f\u00fcr beste Hunde- und Katzennahrung.<\/div><\/div>[\/vc_column][\/vc_row][vc_row][vc_column][vc_column_text]<strong>H\u00f6chste Qualit\u00e4t f\u00fcr Hunde- und Katzenfutter<\/strong><\/p>\n<p>Wir sind auf BARF spezialisiert und verarbeiten nicht nur Abschnitte und Schlachtnebenprodukte aus der Lebensmittelproduktion sondern auch ganze Tiere. So erzielen wir eine bessere Qualit\u00e4t und einen deutlich h\u00f6heren Anteil an hochwertigem, reinem Muskelfleisch im Rohfutter. Unser Hunde- und Katzenfutter besteht ausschliesslich aus unbehandelten Naturstoffen und die Fleischprodukte aus reinem, hochwertigem Fleisch. Unsere Hunde- und Katzennahrung ist frei von jeglichen Zusatzstoffen:<\/p>\n<ul>\n<li>Keine Konservierungsstoffe<\/li>\n<li>Keine Duft-\/Lockstoffe<\/li>\n<li>Kein Getreide<\/li>\n<li>Keine k\u00fcnstlichen Zus\u00e4tze<\/li>\n<li>100% Deklaration der Inhaltsstoffe<\/li>\n<\/ul>\n<p>&nbsp;<\/p>\n<p><strong>Nat\u00fcrliche Tiernahrung aus Schweizer Produktion<br \/>\n<\/strong><br \/>\nSeit \u00fcber 30 Jahren produzieren wir in unserem modernen Schweizer Familienunternehmen, pro Woche mehrere Tonnen gesundes Qualit\u00e4tsfleisch f\u00fcr Hunde und Katzen. Die Rohstoffe stammen ausschliesslich aus kontrollierten, verl\u00e4sslichen Quellen in der Schweiz, der EU und Australien. Wir kennen unsere Lieferanten pers\u00f6nlich und haben in unserem Betrieb in Schmitten\/FR die direkte Kontrolle \u00fcber alle Zutaten und Arbeitsschritte.<\/p>\n<p>Da wir ausschliesslich Frischfleisch f\u00fcr Tiere herstellen, ist es uns m\u00f6glich, solch qualitativ hochstehende Produkte herzustellen. Denn bei uns werden nicht nur Abschnitte und Schlachtnebenprodukte verwendet, sondern sehr viel reines Muskelfleisch.[\/vc_column_text][\/vc_column][\/vc_row][vc_row][vc_column][vc_separator][\/vc_column][\/vc_row][vc_row][vc_column]<div class=\"vcBlock-titel\"><h1>Optimale Verpackung und 100% Verf\u00fcgbarkeit<\/h1><\/div><div class=\"vcBlock-lead\">Unser BARF-Futter ist praktisch portioniert und vakuumverpackt. Mit einem eigenen, grossen Tiefk\u00fchllager garantieren wir jederzeit und kurzfristig eine maximale Verf\u00fcgbarkeit s\u00e4mtlicher Produkte.<\/div>[\/vc_column][\/vc_row][vc_row][vc_column][vc_column_text]<\/p>\n<ol>\n<li>Optimal portioniert und verpackt<\/li>\n<li>Riesiges Tiefk\u00fchllager<\/li>\n<li>Lieferungen in die ganze Schweiz<\/li>\n<li>Produkte in \u00fcber 100 Fachgesch\u00e4ften erh\u00e4ltlich<\/li>\n<\/ol>\n<p>[\/vc_column_text][\/vc_column][\/vc_row][vc_row][vc_column width=&#8220;1\/2&#8243;]<div class=\"vc-block-img-classic\"><img decoding=\"async\" src=\"https:\/\/www.big-pet.ch\/wp-content\/uploads\/2022\/01\/inside_verpackung.jpg\" srcset=\"https:\/\/www.big-pet.ch\/wp-content\/uploads\/2022\/01\/inside_verpackung-292x300.jpg 292w, https:\/\/www.big-pet.ch\/wp-content\/uploads\/2022\/01\/inside_verpackung.jpg 700w\"\/><div class=\"bgImgLegend\">Ideal portionierte Hunde- und Katzennahrung.<\/div><\/div>[\/vc_column][vc_column width=&#8220;1\/2&#8243;]<div class=\"vc-block-img-classic\"><img decoding=\"async\" src=\"https:\/\/www.big-pet.ch\/wp-content\/uploads\/2022\/01\/inside_mann_im_kuehlraum.jpg\" srcset=\"https:\/\/www.big-pet.ch\/wp-content\/uploads\/2022\/01\/inside_mann_im_kuehlraum-239x300.jpg 239w, https:\/\/www.big-pet.ch\/wp-content\/uploads\/2022\/01\/inside_mann_im_kuehlraum.jpg 700w\"\/><div class=\"bgImgLegend\">Eigenes, riesiges Tiefk\u00fchllager und beste Beziehungen zu den Fleischlieferanten garantieren jederzeit 100% Verf\u00fcgbarkeit der Produkte.<\/div><\/div>[\/vc_column][\/vc_row][vc_row][vc_column][vc_column_text]<strong>Durchdachte Verpackung und h\u00f6chste Verf\u00fcgbarkeit<br \/>\n<\/strong><br \/>\nWir bieten ein riesiges Sortiment mit \u00fcber 100 Produkten f\u00fcr nat\u00fcrliche Hunde- und Katzennahrung \u2013 alles aus einer Hand. Die BARF-Produkte sind ideal portioniert und verpackt. Mit einem eigenen, grossen Tiefk\u00fchllager und hervorragenden Lieferantenbeziehungen k\u00f6nnen wir die Verf\u00fcgbarkeit s\u00e4mtlicher Produkte jederzeit und kurzfristig zu 100% garantieren. Wir liefern 3x pro Woche an die \u00fcber 100 Fachgesch\u00e4fte in der ganzen Schweiz.[\/vc_column_text][\/vc_column][\/vc_row][vc_row][vc_column]<div class=\"vc-block-button\">\n            <a class=\"linkclass iconclass \" target=\"_self\" href=\"\/de\/verkaufsstellen\/\">Zu den Verkaufsstellen<\/a><\/div>[\/vc_column][\/vc_row][vc_row full_width=&#8220;stretch_row_content&#8220;][vc_column]<div class=\"vc-block-breaker\"><div data-responsive-background-image><img decoding=\"async\" src=\"https:\/\/www.big-pet.ch\/wp-content\/uploads\/2022\/01\/call_to_action_2_2300.jpg\"\n                         ><\/div><div class=\"divTitelHolder\"><div class=\"divTitel\">Haben Sie Fragen?<\/div><div class=\"divCtoa\"><a class=\"aIconMail\" href=\"m&#97;&#x69;&#x6c;t&#111;&#58;&#x69;&#x6e;f&#111;&#64;&#x62;&#x69;g&#45;&#x70;&#x65;&#x74;&#46;&#99;&#x68;\">&#105;&#x6e;&#x66;&#111;&#x40;&#x62;i&#x67;&#x2d;p&#101;&#x74;&#46;&#99;&#x68;<\/><br\/><a class=\"aIconPhone\" href=\"tel:0041 26 496 11 82\">026 496 11 82<\/a><\/div><\/div><\/div>[\/vc_column][\/vc_row]<\/p>\n<\/div>","protected":false},"excerpt":{"rendered":"<p>[vc_row][vc_column][\/vc_column][\/vc_row][vc_row][vc_column][vc_column_text] 100% nat\u00fcrliche, unbehandelte Naturstoffe und Frischfleisch Biologisch artgerechtes gesundes Tierfutter Frei von Zusatzstoffen Optimale Tiernahrung f\u00fcr die Gesundheit Ihres Lieblings [\/vc_column_text][\/vc_column][\/vc_row][vc_row][vc_column width=&#8220;1\/2&#8243;][\/vc_column][vc_column width=&#8220;1\/2&#8243;][\/vc_column][\/vc_row][vc_row][vc_column][vc_column_text]BARF \u2013 der Naturstandard in der Tiernahrung BARF (biologisch artgerechtes rohes Futter) ist die nat\u00fcrliche Tiernahrung f\u00fcr fleischfressende Haustiere wie z.B. Hunde, Katzen oder Frettchen. Barf geht auf den Ursprung der Tiernahrung [&hellip;]<\/p>\n","protected":false},"author":1,"featured_media":698,"parent":0,"menu_order":0,"comment_status":"closed","ping_status":"closed","template":"fullwidth.php","meta":{"footnotes":""},"class_list":["post-26","page","type-page","status-publish","has-post-thumbnail","hentry"],"_links":{"self":[{"href":"https:\/\/www.big-pet.ch\/de\/wp-json\/wp\/v2\/pages\/26","targetHints":{"allow":["GET"]}}],"collection":[{"href":"https:\/\/www.big-pet.ch\/de\/wp-json\/wp\/v2\/pages"}],"about":[{"href":"https:\/\/www.big-pet.ch\/de\/wp-json\/wp\/v2\/types\/page"}],"author":[{"embeddable":true,"href":"https:\/\/www.big-pet.ch\/de\/wp-json\/wp\/v2\/users\/1"}],"replies":[{"embeddable":true,"href":"https:\/\/www.big-pet.ch\/de\/wp-json\/wp\/v2\/comments?post=26"}],"version-history":[{"count":98,"href":"https:\/\/www.big-pet.ch\/de\/wp-json\/wp\/v2\/pages\/26\/revisions"}],"predecessor-version":[{"id":2593,"href":"https:\/\/www.big-pet.ch\/de\/wp-json\/wp\/v2\/pages\/26\/revisions\/2593"}],"wp:featuredmedia":[{"embeddable":true,"href":"https:\/\/www.big-pet.ch\/de\/wp-json\/wp\/v2\/media\/698"}],"wp:attachment":[{"href":"https:\/\/www.big-pet.ch\/de\/wp-json\/wp\/v2\/media?parent=26"}],"curies":[{"name":"wp","href":"https:\/\/api.w.org\/{rel}","templated":true}]}}