
{"id":2191,"date":"2025-04-04T05:41:25","date_gmt":"2025-04-04T05:41:25","guid":{"rendered":"https:\/\/www.big-pet.ch\/?page_id=2191"},"modified":"2026-03-19T10:02:18","modified_gmt":"2026-03-19T10:02:18","slug":"ostern","status":"publish","type":"page","link":"https:\/\/www.big-pet.ch\/de\/ostern\/","title":{"rendered":"Ostern"},"content":{"rendered":"<div class=\"wpb-content-wrapper\"><p>[vc_row][vc_column]<div class=\"vcBlock-titel\"><h1>Lieferungen w\u00e4hrend Ostern<\/h1><\/div>[\/vc_column][\/vc_row][vc_row][vc_column][vc_column_text css=&#8220;&#8220;]Liebe Kundinnen und Kunden<br \/>\nder Fr\u00fchling ist da und das Osterwochenende r\u00fcckt n\u00e4her \ud83c\udf37\ud83d\udc30<br \/>\nWir m\u00f6chten diese Gelegenheit nutzen, um Ihnen nicht nur frohe Ostern zu w\u00fcnschen, sondern Sie auch fr\u00fchzeitig \u00fcber unsere angepassten Liefer- und Bestellzeiten zu informieren.<br \/>\nDamit Ihre Bestellungen rechtzeitig bei Ihnen ankommen, bitten wir Sie, die folgenden Termine zu beachten:<\/p>\n<p><strong>Dienstag, 31.03.<\/strong> \u2013 Lieferung wie gewohnt<\/p>\n<p><strong>Mittwoch, 01.04.<\/strong> \u2013 Lieferung wie gewohnt<\/p>\n<p><strong>Donnerstag, 02.04.<\/strong> \u2013 zus\u00e4tzliche Lieferung<br \/>\n\u2192 Letzter Bestelleingang: <strong>Dienstag, 31.03., 18:00 Uhr<\/strong><\/p>\n<p><strong>Freitag, 03.04.<\/strong> \u2013 keine Lieferung<\/p>\n<p><strong>Dienstag, 07.04.<\/strong> \u2013 keine Lieferung<\/p>\n<p><strong>Mittwoch, 08.04.<\/strong> \u2013 Lieferung m\u00f6glich<br \/>\n\u2192 Letzter Bestelleingang: <strong>Donnerstag, 02.04., 12:00 Uhr<\/strong><\/p>\n<p><strong>Freitag, 10.04.<\/strong> \u2013 Lieferung wie gewohnt<\/p>\n<p><em>Bitte ber\u00fccksichtigen Sie diese Zeiten bei Ihrer Planung. So helfen Sie mit, einen reibungslosen Ablauf rund um die Feiertage sicherzustellen.<\/em><br \/>\n<em>Bei versp\u00e4tetem Bestelleingang wird Ihre Bestellung automatisch auf den n\u00e4chstm\u00f6glichen Ausliefertermin verschoben.<\/em><\/p>\n<p>Wir danken Ihnen herzlich f\u00fcr Ihr Vertrauen und w\u00fcnschen Ihnen und Ihrem Team ein sch\u00f6nes, erholsames Osterfest sowie sonnige Fr\u00fchlingstage.[\/vc_column_text][\/vc_column][\/vc_row]<\/p>\n<\/div>","protected":false},"excerpt":{"rendered":"<p>[vc_row][vc_column][\/vc_column][\/vc_row][vc_row][vc_column][vc_column_text css=&#8220;&#8220;]Liebe Kundinnen und Kunden der Fr\u00fchling ist da und das Osterwochenende r\u00fcckt n\u00e4her \ud83c\udf37\ud83d\udc30 Wir m\u00f6chten diese Gelegenheit nutzen, um Ihnen nicht nur frohe Ostern zu w\u00fcnschen, sondern Sie auch fr\u00fchzeitig \u00fcber unsere angepassten Liefer- und Bestellzeiten zu informieren. Damit Ihre Bestellungen rechtzeitig bei Ihnen ankommen, bitten wir Sie, die folgenden Termine zu beachten: [&hellip;]<\/p>\n","protected":false},"author":5,"featured_media":0,"parent":0,"menu_order":0,"comment_status":"closed","ping_status":"closed","template":"fullwidth.php","meta":{"footnotes":""},"class_list":["post-2191","page","type-page","status-publish","hentry"],"_links":{"self":[{"href":"https:\/\/www.big-pet.ch\/de\/wp-json\/wp\/v2\/pages\/2191","targetHints":{"allow":["GET"]}}],"collection":[{"href":"https:\/\/www.big-pet.ch\/de\/wp-json\/wp\/v2\/pages"}],"about":[{"href":"https:\/\/www.big-pet.ch\/de\/wp-json\/wp\/v2\/types\/page"}],"author":[{"embeddable":true,"href":"https:\/\/www.big-pet.ch\/de\/wp-json\/wp\/v2\/users\/5"}],"replies":[{"embeddable":true,"href":"https:\/\/www.big-pet.ch\/de\/wp-json\/wp\/v2\/comments?post=2191"}],"version-history":[{"count":5,"href":"https:\/\/www.big-pet.ch\/de\/wp-json\/wp\/v2\/pages\/2191\/revisions"}],"predecessor-version":[{"id":2668,"href":"https:\/\/www.big-pet.ch\/de\/wp-json\/wp\/v2\/pages\/2191\/revisions\/2668"}],"wp:attachment":[{"href":"https:\/\/www.big-pet.ch\/de\/wp-json\/wp\/v2\/media?parent=2191"}],"curies":[{"name":"wp","href":"https:\/\/api.w.org\/{rel}","templated":true}]}}