
{"id":1679,"date":"2025-01-21T13:21:43","date_gmt":"2025-01-21T13:21:43","guid":{"rendered":"https:\/\/www.big-pet.ch\/?page_id=1679"},"modified":"2025-01-21T13:21:43","modified_gmt":"2025-01-21T13:21:43","slug":"home","status":"publish","type":"page","link":"https:\/\/www.big-pet.ch\/de\/home\/","title":{"rendered":"Home"},"content":{"rendered":"<div class=\"wpb-content-wrapper\"><p>[vc_row][vc_column]<div class=\"vcBlock-lead\">Big Pet ist seit \u00fcber 35 Jahren einer der f\u00fchrenden Schweizer Hersteller von BARF \u2013 biologisch artgerechtem rohen Futter. Unsere Tiernahrung ist vollst\u00e4ndig nat\u00fcrlich. Bestes, reines Fleisch, ohne irgendwelche Zusatzstoffe oder Konservierungsmittel. Die \u00fcber 100 verschiedenen Fleischprodukte finden Sie in \u00fcber 100 Fachgesch\u00e4ften in der ganzen Schweiz.<\/div>[\/vc_column][\/vc_row][vc_row][vc_column]\n            <div class=\"vcBlock-Teaser-Bild  alLeft\" >\n                <div class=\"divImage\" style=\"background-image:url(https:\/\/www.big-pet.ch\/wp-content\/uploads\/2022\/01\/teaser_barf-1.jpg)\">\n\n                <\/div>\n                <div class=\"divContent\" style=\"\">\n                    <h3 style=\"\" class=\"vc_custom_heading\">100% nat\u00fcrlich BARF<\/h3>\n                    <div class=\"wpb_text_column wpb_content_element \">\n                        <div class=\"wpb_wrapper\">Hochwertiges, unbehandeltes Fleisch \u2013 nur das Beste f\u00fcr Ihren Hund oder Ihre Katze.<\/div>\n                    <\/div><a class=\"\" target=\"\" href=\"\/barf-qualitaet\/\">mehr<\/a><\/div>\n                <i class=\"demo-icon icon-up-open\"> <\/i>\n            <\/div>\n            <div class=\"vcBlock-Teaser-Bild  alRight\" >\n                <div class=\"divImage\" style=\"background-image:url(https:\/\/www.big-pet.ch\/wp-content\/uploads\/2022\/01\/teaser_top_qualitaet_neu2.jpg)\">\n\n                <\/div>\n                <div class=\"divContent\" style=\"\">\n                    <h3 style=\"\" class=\"vc_custom_heading\">Tierfutter in Top Qualit\u00e4t<\/h3>\n                    <div class=\"wpb_text_column wpb_content_element \">\n                        <div class=\"wpb_wrapper\">Gesunde, nat\u00fcrliche Tiernahrung mit hohem Anteil an Muskelfleisch, aus kontrollierten und verl\u00e4sslichen Quellen.<\/div>\n                    <\/div><a class=\"\" target=\"\" href=\"\/barf-qualitaet\/\">mehr<\/a><\/div>\n                <i class=\"demo-icon icon-up-open\"> <\/i>\n            <\/div>\n            <div class=\"vcBlock-Teaser-Bild  alLeft\" >\n                <div class=\"divImage\" style=\"background-image:url(https:\/\/www.big-pet.ch\/wp-content\/uploads\/2022\/01\/teaser_natuerlich.jpg)\">\n\n                <\/div>\n                <div class=\"divContent\" style=\"\">\n                    <h3 style=\"\" class=\"vc_custom_heading\">Keine Zusatzstoffe<\/h3>\n                    <div class=\"wpb_text_column wpb_content_element \">\n                        <div class=\"wpb_wrapper\">100% reine Natur, ohne irgendwelche versteckten Zusatzstoffe.<\/div>\n                    <\/div><a class=\"\" target=\"\" href=\"\/barf-qualitaet\/\">mehr<\/a><\/div>\n                <i class=\"demo-icon icon-up-open\"> <\/i>\n            <\/div>\n            <div class=\"vcBlock-Teaser-Bild  alRight\" >\n                <div class=\"divImage\" style=\"background-image:url(https:\/\/www.big-pet.ch\/wp-content\/uploads\/2022\/01\/teaser_vakuumiert_rot.jpg)\">\n\n                <\/div>\n                <div class=\"divContent\" style=\"\">\n                    <h3 style=\"\" class=\"vc_custom_heading\">Ideal verpackt &amp; portioniert<\/h3>\n                    <div class=\"wpb_text_column wpb_content_element \">\n                        <div class=\"wpb_wrapper\">Unsere Produkte sind wo n\u00f6tig vakuumverpackt, ideal portioniert und jederzeit zuverl\u00e4ssig verf\u00fcgbar.<\/div>\n                    <\/div><a class=\"\" target=\"\" href=\"\/barf-qualitaet\/\">mehr<\/a><\/div>\n                <i class=\"demo-icon icon-up-open\"> <\/i>\n            <\/div>[\/vc_column][\/vc_row][vc_row full_width=&#8220;stretch_row_content&#8220;][vc_column]<div class=\"vc-block-breaker\"><div data-responsive-background-image><img decoding=\"async\" src=\"https:\/\/www.big-pet.ch\/wp-content\/uploads\/2022\/02\/call_to_action_2300_2-2.jpg\"\n                         ><\/div><div class=\"divTitelHolder\"><div class=\"divTitel\">Haben Sie Fragen?<\/div><div class=\"divCtoa\"><a class=\"aIconMail\" href=\"&#x6d;&#x61;&#105;l&#x74;&#x6f;&#58;&#105;n&#x66;&#x6f;&#64;&#98;i&#x67;&#x2d;&#112;et&#x2e;&#x63;&#104;\">inf&#111;&#64;&#98;&#x69;&#x67;&#x2d;&#x70;&#x65;&#x74;&#46;ch<\/><br\/><a class=\"aIconPhone\" href=\"tel:0041 26 496 11 82\">026 496 11 82<\/a><\/div><\/div><\/div>[\/vc_column][\/vc_row]<\/p>\n<\/div>","protected":false},"excerpt":{"rendered":"<p>[vc_row][vc_column][\/vc_column][\/vc_row][vc_row][vc_column][\/vc_column][\/vc_row][vc_row full_width=&#8220;stretch_row_content&#8220;][vc_column][\/vc_column][\/vc_row]<\/p>\n","protected":false},"author":1,"featured_media":0,"parent":0,"menu_order":0,"comment_status":"closed","ping_status":"closed","template":"fullwidth.php","meta":{"footnotes":""},"class_list":["post-1679","page","type-page","status-publish","hentry"],"_links":{"self":[{"href":"https:\/\/www.big-pet.ch\/de\/wp-json\/wp\/v2\/pages\/1679","targetHints":{"allow":["GET"]}}],"collection":[{"href":"https:\/\/www.big-pet.ch\/de\/wp-json\/wp\/v2\/pages"}],"about":[{"href":"https:\/\/www.big-pet.ch\/de\/wp-json\/wp\/v2\/types\/page"}],"author":[{"embeddable":true,"href":"https:\/\/www.big-pet.ch\/de\/wp-json\/wp\/v2\/users\/1"}],"replies":[{"embeddable":true,"href":"https:\/\/www.big-pet.ch\/de\/wp-json\/wp\/v2\/comments?post=1679"}],"version-history":[{"count":1,"href":"https:\/\/www.big-pet.ch\/de\/wp-json\/wp\/v2\/pages\/1679\/revisions"}],"predecessor-version":[{"id":1681,"href":"https:\/\/www.big-pet.ch\/de\/wp-json\/wp\/v2\/pages\/1679\/revisions\/1681"}],"wp:attachment":[{"href":"https:\/\/www.big-pet.ch\/de\/wp-json\/wp\/v2\/media?parent=1679"}],"curies":[{"name":"wp","href":"https:\/\/api.w.org\/{rel}","templated":true}]}}